{"id":179,"date":"2020-02-04T15:25:15","date_gmt":"2020-02-04T14:25:15","guid":{"rendered":"http:\/\/eprcf33.fr\/?page_id=179"},"modified":"2026-04-02T11:34:47","modified_gmt":"2026-04-02T09:34:47","slug":"presentation","status":"publish","type":"page","link":"https:\/\/eprcf33.fr\/index.php\/presentation\/","title":{"rendered":"Pr\u00e9sentation"},"content":{"rendered":"[vc_row full_width=\u00a0\u00bbstretch_row_content_no_spaces\u00a0\u00bb][vc_column][rev_slider_vc alias=\u00a0\u00bbeprcf-presentation\u00a0\u00bb][\/vc_column][\/vc_row][vc_row full_width=\u00a0\u00bbstretch_row\u00a0\u00bb wpex_fixed_bg=\u00a0\u00bbfixed\u00a0\u00bb css=\u00a0\u00bb.vc_custom_1759099841696{background-image: url(https:\/\/eprcf33.fr\/wp-content\/uploads\/2025\/07\/eprcf-33-carriere-falaise-fond-2.png?id=1505) !important;}\u00a0\u00bb][vc_column width=\u00a0\u00bb1\/2&Prime;][vc_empty_space]<h2 class=\"vcex-module vcex-heading vcex-heading-plain\" style=\"font-family:&#039;Roboto&#039;,&#039;Helvetica Neue&#039;, Arial, sans-serif;\"><span class=\"vcex-heading-inner clr\">LA COMPOSITION DU SYNDICAT<\/span><\/h2>[vc_empty_space][vc_column_text]\n<p style=\"text-align: justify;\"><span style=\"font-family: Roboto;\">Notre syndicat EPRCF33 a vocation \u00e0 r\u00e9unir toutes les communes concern\u00e9es par les risques li\u00e9s aux carri\u00e8res souterraines et aux falaises. Il compte pour le moment 33 communes membres\u00a0 \u00a0:<\/span><\/p>\n<ul>\n<li><span style=\"font-family: Roboto;\"><u>secteur du Bourgeais<\/u>: Bayon-sur-Gironde \/ Bourg-sur-Gironde \/ Gauriac \/ Prignac-et-Marcamps \/ Tauriac \/ Saint-Seurin-de-Bourg,<\/span><\/li>\n<li><span style=\"font-family: Roboto;\"><u>secteur du Saint-Emilionnais<\/u>: Saint-Emilion \/ Saint-Christophe-des-Bardes \/ Saint-Laurent-des-Combes,<\/span><\/li>\n<li><span style=\"font-family: Roboto;\"><u>secteur de l\u2019Entre-deux-Mers<\/u>: Baron \/ Camarsac \/ Croignon \/ Cursan \/ Daignac \/ Espiet \/ Gr\u00e9zillac \/ N\u00e9rigean \/ Saint-Germain-du-Puch \/ Saint-Quentin-de-Baron, M\u00e9rignas, Naujan-et-Postiac,<\/span><\/li>\n<li><span style=\"font-family: Roboto;\"><u>secteur de Carignan-de-Bordeaux \u00e0 Rions<\/u>: Bonnetan \/ Cambes \/ Camblanes-et-Meynac \/ C\u00e9nac \/ Le Tourne \/ Langoiran \/ Quinsac \/ Tabanac \/ Lignan-de-Bordeaux,<\/span><\/li>\n<li><span style=\"font-family: Roboto;\"><u>secteur de Latresne<\/u>: Latresne,<\/span><\/li>\n<li><span style=\"font-family: Roboto;\"><u>secteur du Fronsadais<\/u>: Saint-Germain-de-la-Rivi\u00e8re, Asques.<\/span><\/li>\n<\/ul>\n[\/vc_column_text][\/vc_column][vc_column width=\u00a0\u00bb1\/2&Prime;][vc_empty_space][vc_column_text]\n<p style=\"text-align: justify;\"><span style=\"font-family: Roboto;\">L\u2019assembl\u00e9e d\u00e9lib\u00e9rante du syndicat est un comit\u00e9 syndical constitu\u00e9 d\u2019un repr\u00e9sentant d\u00e9l\u00e9gu\u00e9 de chacune des communes membres. Elle est pr\u00e9sid\u00e9e par un bureau \u00e9lu par d\u00e9lib\u00e9ration du comit\u00e9 pour la dur\u00e9e d\u2019un mandant municipal. Le bureau actuel est compos\u00e9 de\u00a0:<\/span><\/p>\n<ul>\n<li><span style=\"font-family: Roboto;\">Pr\u00e9sident : Victor MALDONADO, d\u00e9l\u00e9gu\u00e9 de la commune de Latresne,<\/span><\/li>\n<li><span style=\"font-family: Roboto;\">Vice-pr\u00e9sident n\u00b01 : Jean-Luc LAMAISON, Maire de N\u00e9rigean,<\/span><\/li>\n<li><span style=\"font-family: Roboto;\">Vice-pr\u00e9sident n\u00b02 : Catherine VEYSSY, Maire de C\u00e9nac,<\/span><\/li>\n<li><span style=\"font-family: Roboto;\">Vice-pr\u00e9sident n\u00b03 : Paul GROSJEAN, d\u00e9l\u00e9gu\u00e9 de la commune de Bayon-sur-Gironde,<\/span><\/li>\n<li><span style=\"font-family: Roboto;\">Vice pr\u00e9sident n\u00b04 : Jean-Fr\u00e9d\u00e9ric COUSSO, d\u00e9l\u00e9gu\u00e9 de la commune de Croignon.<\/span><\/li>\n<\/ul>\n[\/vc_column_text][vc_empty_space][\/vc_column][\/vc_row][vc_row full_width=\u00a0\u00bbstretch_row\u00a0\u00bb css=\u00a0\u00bb.vc_custom_1759100107664{background-color: #ded6cc !important;}\u00a0\u00bb][vc_column][vc_empty_space][vc_single_image image=\u00a0\u00bb2323&Prime; alignment=\u00a0\u00bbcenter\u00a0\u00bb style=\u00a0\u00bbvc_box_shadow\u00a0\u00bb][\/vc_column][\/vc_row][vc_row full_width=\u00a0\u00bbstretch_row\u00a0\u00bb wpex_fixed_bg=\u00a0\u00bbfixed\u00a0\u00bb css=\u00a0\u00bb.vc_custom_1759099968494{background-image: url(https:\/\/eprcf33.fr\/wp-content\/uploads\/2025\/07\/eprcf-33-carriere-falaise-fond-2.png?id=1505) !important;}\u00a0\u00bb][vc_column width=\u00a0\u00bb1\/2&Prime;][vc_empty_space]<h2 class=\"vcex-module vcex-heading vcex-heading-plain\" style=\"font-family:&#039;Roboto&#039;,&#039;Helvetica Neue&#039;, Arial, sans-serif;\"><span class=\"vcex-heading-inner clr\">LES LOCAUX DU SYNDICAT<\/span><\/h2>[vc_empty_space][vc_column_text]<span style=\"font-family: Roboto;\">Notre syndicat est bas\u00e9 dans le secteur de l\u2019Entre-deux-Mers et occupe donc une position g\u00e9ographique centrale par rapport aux communes girondines concern\u00e9es par les carri\u00e8res souterraines et les falaises.<\/span><\/p>\n<p><span style=\"font-family: Roboto;\">Le si\u00e8ge social du syndicat se situe \u00e0 la Mairie de Saint-Germain-du-Puch. Les locaux administratifs et techniques se trouvent \u00e0 Croignon, au 4, place de la mairie.<\/span>[\/vc_column_text][\/vc_column][vc_column width=\u00a0\u00bb1\/2&Prime;][vc_empty_space][vc_single_image image=\u00a0\u00bb2148&Prime; img_size=\u00a0\u00bb450&#215;350&Prime; alignment=\u00a0\u00bbcenter\u00a0\u00bb][\/vc_column][\/vc_row][vc_row full_width=\u00a0\u00bbstretch_row\u00a0\u00bb css=\u00a0\u00bb.vc_custom_1759100127032{background-color: #ded6cc !important;}\u00a0\u00bb][vc_column][vc_empty_space]<h2 class=\"vcex-module vcex-heading vcex-heading-plain\" style=\"font-family:&#039;Roboto&#039;,&#039;Helvetica Neue&#039;, Arial, sans-serif;\"><span class=\"vcex-heading-inner clr\">L\u2019EQUIPE OP\u00c9RATIONNELLE<\/span><\/h2>[vc_empty_space][vc_column_text]\n<p style=\"text-align: justify;\"><span style=\"font-family: Roboto;\">Notre syndicat emploie trois salari\u00e9s \u00e0 temps complet en charge de son fonctionnement administratif et technique.<\/span><\/p>\n[\/vc_column_text][vc_empty_space][vc_row_inner][vc_column_inner width=\u00a0\u00bb1\/3&Prime;][\/vc_column_inner][vc_column_inner width=\u00a0\u00bb1\/3&Prime;][vc_column_text]\n<p style=\"text-align: justify;\"><span style=\"font-family: Roboto;\">La charg\u00e9e de mission, Judith Carponsin, est ing\u00e9nieure g\u00e9ologue titulaire d\u2019un Master 2 en G\u00e9nie G\u00e9ologique, G\u00e9nie Civil et Environnement de l\u2019Universit\u00e9 de Bordeaux. Elle a travaill\u00e9 durant 4 ans \u00e0 l\u2019Inspection G\u00e9n\u00e9rale des Carri\u00e8res de Paris en tant que responsable de l\u2019analyse et de la gestion des incidents li\u00e9s aux carri\u00e8res souterraines et \u00e0 la dissolution du Gypse Ant\u00e9ludien.<\/span><\/p>\n[\/vc_column_text][vc_empty_space][vc_single_image image=\u00a0\u00bb1300&Prime;][\/vc_column_inner][vc_column_inner width=\u00a0\u00bb1\/3&Prime;][vc_column_text]<span style=\"font-family: Roboto;\">Le technicien, Micka\u00ebl Anton, est sp\u00e9cialiste en exploration et reconnaissance des carri\u00e8res souterraines de Gironde. Depuis 2015, il parcourt ces sites avec passion. En 2018, il a collabor\u00e9 \u00e9troitement avec Jean-Luc Hoguet, avant de travailler comme prestataire pour le syndicat en 2019 et 2020. Il a officiellement rejoint l\u2019\u00e9quipe \u00e0 temps plein en 2024.<\/span>[\/vc_column_text][vc_empty_space][vc_single_image image=\u00a0\u00bb1288&Prime;][\/vc_column_inner][\/vc_row_inner][\/vc_column][\/vc_row]\n","protected":false},"excerpt":{"rendered":"<p>[vc_row full_width=\u00a0\u00bbstretch_row_content_no_spaces\u00a0\u00bb][vc_column][rev_slider_vc alias=\u00a0\u00bbeprcf-presentation\u00a0\u00bb][\/vc_column][\/vc_row][vc_row full_width=\u00a0\u00bbstretch_row\u00a0\u00bb wpex_fixed_bg=\u00a0\u00bbfixed\u00a0\u00bb css=\u00a0\u00bb.vc_custom_1759099841696{background-image: url(https:\/\/eprcf33.fr\/wp-content\/uploads\/2025\/07\/eprcf-33-carriere-falaise-fond-2.png?id=1505) !important;}\u00a0\u00bb][vc_column width=\u00a0\u00bb1\/2&Prime;][vc_empty_space][vc_empty_space][vc_column_text] Notre syndicat EPRCF33 a vocation \u00e0 r\u00e9unir toutes les communes concern\u00e9es par les risques li\u00e9s aux carri\u00e8res souterraines et aux falaises. Il compte pour le moment 33 communes membres\u00a0 \u00a0: secteur&hellip;<\/p>\n","protected":false},"author":1,"featured_media":0,"parent":0,"menu_order":0,"comment_status":"closed","ping_status":"closed","template":"templates\/no-sidebar.php","meta":{"footnotes":""},"class_list":["post-179","page","type-page","status-publish","hentry","entry","no-media"],"yoast_head":"<!-- This site is optimized with the Yoast SEO plugin v23.3 - https:\/\/yoast.com\/wordpress\/plugins\/seo\/ -->\n<title>Pr\u00e9sentation - eprcf 33 carri\u00e8res souterraines et falaises de Gironde<\/title>\n<meta name=\"robots\" content=\"index, follow, max-snippet:-1, max-image-preview:large, max-video-preview:-1\" \/>\n<link rel=\"canonical\" href=\"https:\/\/eprcf33.fr\/index.php\/presentation\/\" \/>\n<meta property=\"og:locale\" content=\"fr_FR\" \/>\n<meta property=\"og:type\" content=\"article\" \/>\n<meta property=\"og:title\" content=\"Pr\u00e9sentation - eprcf 33 carri\u00e8res souterraines et falaises de Gironde\" \/>\n<meta property=\"og:description\" content=\"[vc_row full_width=\u00a0\u00bbstretch_row_content_no_spaces\u00a0\u00bb][vc_column][rev_slider_vc alias=\u00a0\u00bbeprcf-presentation\u00a0\u00bb][\/vc_column][\/vc_row][vc_row full_width=\u00a0\u00bbstretch_row\u00a0\u00bb wpex_fixed_bg=\u00a0\u00bbfixed\u00a0\u00bb css=\u00a0\u00bb.vc_custom_1759099841696{background-image: url(https:\/\/eprcf33.fr\/wp-content\/uploads\/2025\/07\/eprcf-33-carriere-falaise-fond-2.png?id=1505) !important;}\u00a0\u00bb][vc_column width=\u00a0\u00bb1\/2&Prime;][vc_empty_space][vc_empty_space][vc_column_text] Notre syndicat EPRCF33 a vocation \u00e0 r\u00e9unir toutes les communes concern\u00e9es par les risques li\u00e9s aux carri\u00e8res souterraines et aux falaises. Il compte pour le moment 33 communes membres\u00a0 \u00a0: secteur&hellip;\" \/>\n<meta property=\"og:url\" content=\"https:\/\/eprcf33.fr\/index.php\/presentation\/\" \/>\n<meta property=\"og:site_name\" content=\"eprcf 33 carri\u00e8res souterraines et falaises de Gironde\" \/>\n<meta property=\"article:modified_time\" content=\"2026-04-02T09:34:47+00:00\" \/>\n<meta name=\"twitter:card\" content=\"summary_large_image\" \/>\n<meta name=\"twitter:label1\" content=\"Dur\u00e9e de lecture estim\u00e9e\" \/>\n\t<meta name=\"twitter:data1\" content=\"3 minutes\" \/>\n<script type=\"application\/ld+json\" class=\"yoast-schema-graph\">{\"@context\":\"https:\/\/schema.org\",\"@graph\":[{\"@type\":\"WebPage\",\"@id\":\"https:\/\/eprcf33.fr\/index.php\/presentation\/\",\"url\":\"https:\/\/eprcf33.fr\/index.php\/presentation\/\",\"name\":\"Pr\u00e9sentation - eprcf 33 carri\u00e8res souterraines et falaises de Gironde\",\"isPartOf\":{\"@id\":\"https:\/\/eprcf33.fr\/#website\"},\"datePublished\":\"2020-02-04T14:25:15+00:00\",\"dateModified\":\"2026-04-02T09:34:47+00:00\",\"breadcrumb\":{\"@id\":\"https:\/\/eprcf33.fr\/index.php\/presentation\/#breadcrumb\"},\"inLanguage\":\"fr-FR\",\"potentialAction\":[{\"@type\":\"ReadAction\",\"target\":[\"https:\/\/eprcf33.fr\/index.php\/presentation\/\"]}]},{\"@type\":\"BreadcrumbList\",\"@id\":\"https:\/\/eprcf33.fr\/index.php\/presentation\/#breadcrumb\",\"itemListElement\":[{\"@type\":\"ListItem\",\"position\":1,\"name\":\"Accueil\",\"item\":\"https:\/\/eprcf33.fr\/\"},{\"@type\":\"ListItem\",\"position\":2,\"name\":\"Pr\u00e9sentation\"}]},{\"@type\":\"WebSite\",\"@id\":\"https:\/\/eprcf33.fr\/#website\",\"url\":\"https:\/\/eprcf33.fr\/\",\"name\":\"eprcf 33 carri\u00e8res souterraines et falaises de Gironde\",\"description\":\"Un site utilisant WordPress\",\"publisher\":{\"@id\":\"https:\/\/eprcf33.fr\/#organization\"},\"potentialAction\":[{\"@type\":\"SearchAction\",\"target\":{\"@type\":\"EntryPoint\",\"urlTemplate\":\"https:\/\/eprcf33.fr\/?s={search_term_string}\"},\"query-input\":\"required name=search_term_string\"}],\"inLanguage\":\"fr-FR\"},{\"@type\":\"Organization\",\"@id\":\"https:\/\/eprcf33.fr\/#organization\",\"name\":\"eprcf 33 carri\u00e8res souterraines et falaises de Gironde\",\"url\":\"https:\/\/eprcf33.fr\/\",\"logo\":{\"@type\":\"ImageObject\",\"inLanguage\":\"fr-FR\",\"@id\":\"https:\/\/eprcf33.fr\/#\/schema\/logo\/image\/\",\"url\":\"https:\/\/eprcf33.fr\/wp-content\/uploads\/2025\/07\/EPRCF-33-carrieres-falaises-logo-header-.png\",\"contentUrl\":\"https:\/\/eprcf33.fr\/wp-content\/uploads\/2025\/07\/EPRCF-33-carrieres-falaises-logo-header-.png\",\"width\":425,\"height\":137,\"caption\":\"eprcf 33 carri\u00e8res souterraines et falaises de Gironde\"},\"image\":{\"@id\":\"https:\/\/eprcf33.fr\/#\/schema\/logo\/image\/\"}}]}<\/script>\n<!-- \/ Yoast SEO plugin. -->","yoast_head_json":{"title":"Pr\u00e9sentation - eprcf 33 carri\u00e8res souterraines et falaises de Gironde","robots":{"index":"index","follow":"follow","max-snippet":"max-snippet:-1","max-image-preview":"max-image-preview:large","max-video-preview":"max-video-preview:-1"},"canonical":"https:\/\/eprcf33.fr\/index.php\/presentation\/","og_locale":"fr_FR","og_type":"article","og_title":"Pr\u00e9sentation - eprcf 33 carri\u00e8res souterraines et falaises de Gironde","og_description":"[vc_row full_width=\u00a0\u00bbstretch_row_content_no_spaces\u00a0\u00bb][vc_column][rev_slider_vc alias=\u00a0\u00bbeprcf-presentation\u00a0\u00bb][\/vc_column][\/vc_row][vc_row full_width=\u00a0\u00bbstretch_row\u00a0\u00bb wpex_fixed_bg=\u00a0\u00bbfixed\u00a0\u00bb css=\u00a0\u00bb.vc_custom_1759099841696{background-image: url(https:\/\/eprcf33.fr\/wp-content\/uploads\/2025\/07\/eprcf-33-carriere-falaise-fond-2.png?id=1505) !important;}\u00a0\u00bb][vc_column width=\u00a0\u00bb1\/2&Prime;][vc_empty_space][vc_empty_space][vc_column_text] Notre syndicat EPRCF33 a vocation \u00e0 r\u00e9unir toutes les communes concern\u00e9es par les risques li\u00e9s aux carri\u00e8res souterraines et aux falaises. Il compte pour le moment 33 communes membres\u00a0 \u00a0: secteur&hellip;","og_url":"https:\/\/eprcf33.fr\/index.php\/presentation\/","og_site_name":"eprcf 33 carri\u00e8res souterraines et falaises de Gironde","article_modified_time":"2026-04-02T09:34:47+00:00","twitter_card":"summary_large_image","twitter_misc":{"Dur\u00e9e de lecture estim\u00e9e":"3 minutes"},"schema":{"@context":"https:\/\/schema.org","@graph":[{"@type":"WebPage","@id":"https:\/\/eprcf33.fr\/index.php\/presentation\/","url":"https:\/\/eprcf33.fr\/index.php\/presentation\/","name":"Pr\u00e9sentation - eprcf 33 carri\u00e8res souterraines et falaises de Gironde","isPartOf":{"@id":"https:\/\/eprcf33.fr\/#website"},"datePublished":"2020-02-04T14:25:15+00:00","dateModified":"2026-04-02T09:34:47+00:00","breadcrumb":{"@id":"https:\/\/eprcf33.fr\/index.php\/presentation\/#breadcrumb"},"inLanguage":"fr-FR","potentialAction":[{"@type":"ReadAction","target":["https:\/\/eprcf33.fr\/index.php\/presentation\/"]}]},{"@type":"BreadcrumbList","@id":"https:\/\/eprcf33.fr\/index.php\/presentation\/#breadcrumb","itemListElement":[{"@type":"ListItem","position":1,"name":"Accueil","item":"https:\/\/eprcf33.fr\/"},{"@type":"ListItem","position":2,"name":"Pr\u00e9sentation"}]},{"@type":"WebSite","@id":"https:\/\/eprcf33.fr\/#website","url":"https:\/\/eprcf33.fr\/","name":"eprcf 33 carri\u00e8res souterraines et falaises de Gironde","description":"Un site utilisant WordPress","publisher":{"@id":"https:\/\/eprcf33.fr\/#organization"},"potentialAction":[{"@type":"SearchAction","target":{"@type":"EntryPoint","urlTemplate":"https:\/\/eprcf33.fr\/?s={search_term_string}"},"query-input":"required name=search_term_string"}],"inLanguage":"fr-FR"},{"@type":"Organization","@id":"https:\/\/eprcf33.fr\/#organization","name":"eprcf 33 carri\u00e8res souterraines et falaises de Gironde","url":"https:\/\/eprcf33.fr\/","logo":{"@type":"ImageObject","inLanguage":"fr-FR","@id":"https:\/\/eprcf33.fr\/#\/schema\/logo\/image\/","url":"https:\/\/eprcf33.fr\/wp-content\/uploads\/2025\/07\/EPRCF-33-carrieres-falaises-logo-header-.png","contentUrl":"https:\/\/eprcf33.fr\/wp-content\/uploads\/2025\/07\/EPRCF-33-carrieres-falaises-logo-header-.png","width":425,"height":137,"caption":"eprcf 33 carri\u00e8res souterraines et falaises de Gironde"},"image":{"@id":"https:\/\/eprcf33.fr\/#\/schema\/logo\/image\/"}}]}},"_links":{"self":[{"href":"https:\/\/eprcf33.fr\/index.php\/wp-json\/wp\/v2\/pages\/179","targetHints":{"allow":["GET"]}}],"collection":[{"href":"https:\/\/eprcf33.fr\/index.php\/wp-json\/wp\/v2\/pages"}],"about":[{"href":"https:\/\/eprcf33.fr\/index.php\/wp-json\/wp\/v2\/types\/page"}],"author":[{"embeddable":true,"href":"https:\/\/eprcf33.fr\/index.php\/wp-json\/wp\/v2\/users\/1"}],"replies":[{"embeddable":true,"href":"https:\/\/eprcf33.fr\/index.php\/wp-json\/wp\/v2\/comments?post=179"}],"version-history":[{"count":45,"href":"https:\/\/eprcf33.fr\/index.php\/wp-json\/wp\/v2\/pages\/179\/revisions"}],"predecessor-version":[{"id":2383,"href":"https:\/\/eprcf33.fr\/index.php\/wp-json\/wp\/v2\/pages\/179\/revisions\/2383"}],"wp:attachment":[{"href":"https:\/\/eprcf33.fr\/index.php\/wp-json\/wp\/v2\/media?parent=179"}],"curies":[{"name":"wp","href":"https:\/\/api.w.org\/{rel}","templated":true}]}}