{"id":183,"date":"2020-02-04T15:28:48","date_gmt":"2020-02-04T14:28:48","guid":{"rendered":"http:\/\/eprcf33.fr\/?page_id=183"},"modified":"2025-10-24T13:14:28","modified_gmt":"2025-10-24T11:14:28","slug":"devenir-une-commune-adherente","status":"publish","type":"page","link":"https:\/\/eprcf33.fr\/index.php\/devenir-une-commune-adherente\/","title":{"rendered":"Devenir une commune adh\u00e9rente"},"content":{"rendered":"[vc_row full_width=\u00a0\u00bbstretch_row_content_no_spaces\u00a0\u00bb][vc_column][rev_slider_vc alias=\u00a0\u00bbdevenir-une-commune-adherante\u00a0\u00bb][\/vc_column][\/vc_row][vc_row full_width=\u00a0\u00bbstretch_row\u00a0\u00bb][vc_column][vc_empty_space]<div class=\"vcex-module vcex-heading vcex-heading-plain\"><span class=\"vcex-heading-inner clr\">DEVENIR UNE COMMUNE ADH\u00c9RENTE<\/span><\/div>[vc_empty_space][vc_column_text]Notre syndicat intercommunal <strong>EPRCF33<\/strong> a vocation \u00e0 accueillir un maximum de communes concern\u00e9es par les carri\u00e8res souterraines et falaises en Gironde afin de mener une politique concert\u00e9e de la pr\u00e9vention des risques li\u00e9s aux carri\u00e8res et aux falaises, en lien privil\u00e9gi\u00e9 avec les services de l\u2019Etat.<\/p>\n<p>Parmi les <strong>122<\/strong> communes concern\u00e9es dans le d\u00e9partement, <strong>33<\/strong> font actuellement partie du syndicat.<\/p>\n<p style=\"text-align: justify;\">\n[\/vc_column_text][\/vc_column][\/vc_row][vc_row full_width=\u00a0\u00bbstretch_row\u00a0\u00bb css=\u00a0\u00bb.vc_custom_1758895101904{background-color: #ded6cc !important;}\u00a0\u00bb][vc_column][vc_empty_space][vc_column_text]<span style=\"font-family: Roboto;\">Les communes membres mutualisent des moyens financiers, au travers d\u2019une cotisation annuelle de <strong>4.2\u00a0\u20ac \/ habitant \/ an,<\/strong> qui permettent \u00e0 notre syndicat de r\u00e9aliser de nombreuses prestations \u00e0 destination des municipalit\u00e9s telles que\u00a0:<\/span><\/p>\n<ul>\n<li><span style=\"font-family: Roboto;\">des plans pr\u00e9cis de carri\u00e8res souterraines,<\/span><\/li>\n<li><span style=\"font-family: Roboto;\">des surveillances p\u00e9riodiques des carri\u00e8res et falaises,<\/span><\/li>\n<li><span style=\"font-family: Roboto;\">des diagnostics de stabilit\u00e9 des carri\u00e8res et falaises,<\/span><\/li>\n<li><span style=\"font-family: Roboto;\">une assistance \u00e0 la gestion de projet de r\u00e9habilitation et de valorisation des anciennes carri\u00e8res,<\/span><\/li>\n<li><span style=\"font-family: Roboto;\">des recommandations de travaux de consolidation ou de mise en s\u00e9curit\u00e9.<\/span><\/li>\n<\/ul>\n[\/vc_column_text][\/vc_column][\/vc_row][vc_row full_width=\u00a0\u00bbstretch_row\u00a0\u00bb][vc_column][vc_empty_space][vc_column_text]\n<p style=\"text-align: justify;\"><span style=\"font-family: Roboto;\">Si votre commune est confront\u00e9e \u00e0 des probl\u00e9matiques li\u00e9es \u00e0 la gestion de ses carri\u00e8res souterraines et falaises\u00a0et que vous souhaitez adh\u00e9rer \u00e0 notre syndicat, nous vous invitons \u00e0 remplir le formulaire d\u2019adh\u00e9sion ci-dessous.<\/span><\/p>\n<p><!-- \/wp:post-content -->[\/vc_column_text][\/vc_column][\/vc_row][vc_row][vc_column]<div class=\"textcenter theme-button-wrap clr\"><a href=\"https:\/\/eprcf33.fr\/index.php\/adhesion\/\" class=\"vcex-button theme-button medium align-center inline animate-on-hover\" style=\"border-radius:30px;\"><span class=\"theme-button-inner\">CONTACTEZ-NOUS POUR ADHERER A NOTRE SYNDICAT<\/span><\/a><\/div> [\/vc_column][\/vc_row]\n<!-- \/wp:freeform -->","protected":false},"excerpt":{"rendered":"<p>[vc_row full_width=\u00a0\u00bbstretch_row_content_no_spaces\u00a0\u00bb][vc_column][rev_slider_vc alias=\u00a0\u00bbdevenir-une-commune-adherante\u00a0\u00bb][\/vc_column][\/vc_row][vc_row full_width=\u00a0\u00bbstretch_row\u00a0\u00bb][vc_column][vc_empty_space][vc_empty_space][vc_column_text]Notre syndicat intercommunal EPRCF33 a vocation \u00e0 accueillir un maximum de communes concern\u00e9es par les carri\u00e8res souterraines et falaises en Gironde afin de mener une politique concert\u00e9e de la pr\u00e9vention des risques li\u00e9s aux carri\u00e8res et aux&hellip;<\/p>\n","protected":false},"author":1,"featured_media":0,"parent":0,"menu_order":0,"comment_status":"closed","ping_status":"closed","template":"templates\/no-sidebar.php","meta":{"footnotes":""},"class_list":["post-183","page","type-page","status-publish","hentry","entry","no-media"],"yoast_head":"<!-- This site is optimized with the Yoast SEO plugin v23.3 - https:\/\/yoast.com\/wordpress\/plugins\/seo\/ -->\n<title>Devenir une commune adh\u00e9rente - eprcf 33 carri\u00e8res souterraines et falaises de Gironde<\/title>\n<meta name=\"robots\" content=\"index, follow, max-snippet:-1, max-image-preview:large, max-video-preview:-1\" \/>\n<link rel=\"canonical\" href=\"https:\/\/eprcf33.fr\/index.php\/devenir-une-commune-adherente\/\" \/>\n<meta property=\"og:locale\" content=\"fr_FR\" \/>\n<meta property=\"og:type\" content=\"article\" \/>\n<meta property=\"og:title\" content=\"Devenir une commune adh\u00e9rente - eprcf 33 carri\u00e8res souterraines et falaises de Gironde\" \/>\n<meta property=\"og:description\" content=\"[vc_row full_width=\u00a0\u00bbstretch_row_content_no_spaces\u00a0\u00bb][vc_column][rev_slider_vc alias=\u00a0\u00bbdevenir-une-commune-adherante\u00a0\u00bb][\/vc_column][\/vc_row][vc_row full_width=\u00a0\u00bbstretch_row\u00a0\u00bb][vc_column][vc_empty_space][vc_empty_space][vc_column_text]Notre syndicat intercommunal EPRCF33 a vocation \u00e0 accueillir un maximum de communes concern\u00e9es par les carri\u00e8res souterraines et falaises en Gironde afin de mener une politique concert\u00e9e de la pr\u00e9vention des risques li\u00e9s aux carri\u00e8res et aux&hellip;\" \/>\n<meta property=\"og:url\" content=\"https:\/\/eprcf33.fr\/index.php\/devenir-une-commune-adherente\/\" \/>\n<meta property=\"og:site_name\" content=\"eprcf 33 carri\u00e8res souterraines et falaises de Gironde\" \/>\n<meta property=\"article:modified_time\" content=\"2025-10-24T11:14:28+00:00\" \/>\n<meta name=\"twitter:card\" content=\"summary_large_image\" \/>\n<meta name=\"twitter:label1\" content=\"Dur\u00e9e de lecture estim\u00e9e\" \/>\n\t<meta name=\"twitter:data1\" content=\"2 minutes\" \/>\n<script type=\"application\/ld+json\" class=\"yoast-schema-graph\">{\"@context\":\"https:\/\/schema.org\",\"@graph\":[{\"@type\":\"WebPage\",\"@id\":\"https:\/\/eprcf33.fr\/index.php\/devenir-une-commune-adherente\/\",\"url\":\"https:\/\/eprcf33.fr\/index.php\/devenir-une-commune-adherente\/\",\"name\":\"Devenir une commune adh\u00e9rente - eprcf 33 carri\u00e8res souterraines et falaises de Gironde\",\"isPartOf\":{\"@id\":\"https:\/\/eprcf33.fr\/#website\"},\"datePublished\":\"2020-02-04T14:28:48+00:00\",\"dateModified\":\"2025-10-24T11:14:28+00:00\",\"breadcrumb\":{\"@id\":\"https:\/\/eprcf33.fr\/index.php\/devenir-une-commune-adherente\/#breadcrumb\"},\"inLanguage\":\"fr-FR\",\"potentialAction\":[{\"@type\":\"ReadAction\",\"target\":[\"https:\/\/eprcf33.fr\/index.php\/devenir-une-commune-adherente\/\"]}]},{\"@type\":\"BreadcrumbList\",\"@id\":\"https:\/\/eprcf33.fr\/index.php\/devenir-une-commune-adherente\/#breadcrumb\",\"itemListElement\":[{\"@type\":\"ListItem\",\"position\":1,\"name\":\"Accueil\",\"item\":\"https:\/\/eprcf33.fr\/\"},{\"@type\":\"ListItem\",\"position\":2,\"name\":\"Devenir une commune adh\u00e9rente\"}]},{\"@type\":\"WebSite\",\"@id\":\"https:\/\/eprcf33.fr\/#website\",\"url\":\"https:\/\/eprcf33.fr\/\",\"name\":\"eprcf 33 carri\u00e8res souterraines et falaises de Gironde\",\"description\":\"Un site utilisant WordPress\",\"publisher\":{\"@id\":\"https:\/\/eprcf33.fr\/#organization\"},\"potentialAction\":[{\"@type\":\"SearchAction\",\"target\":{\"@type\":\"EntryPoint\",\"urlTemplate\":\"https:\/\/eprcf33.fr\/?s={search_term_string}\"},\"query-input\":\"required name=search_term_string\"}],\"inLanguage\":\"fr-FR\"},{\"@type\":\"Organization\",\"@id\":\"https:\/\/eprcf33.fr\/#organization\",\"name\":\"eprcf 33 carri\u00e8res souterraines et falaises de Gironde\",\"url\":\"https:\/\/eprcf33.fr\/\",\"logo\":{\"@type\":\"ImageObject\",\"inLanguage\":\"fr-FR\",\"@id\":\"https:\/\/eprcf33.fr\/#\/schema\/logo\/image\/\",\"url\":\"https:\/\/eprcf33.fr\/wp-content\/uploads\/2025\/07\/EPRCF-33-carrieres-falaises-logo-header-.png\",\"contentUrl\":\"https:\/\/eprcf33.fr\/wp-content\/uploads\/2025\/07\/EPRCF-33-carrieres-falaises-logo-header-.png\",\"width\":425,\"height\":137,\"caption\":\"eprcf 33 carri\u00e8res souterraines et falaises de Gironde\"},\"image\":{\"@id\":\"https:\/\/eprcf33.fr\/#\/schema\/logo\/image\/\"}}]}<\/script>\n<!-- \/ Yoast SEO plugin. -->","yoast_head_json":{"title":"Devenir une commune adh\u00e9rente - eprcf 33 carri\u00e8res souterraines et falaises de Gironde","robots":{"index":"index","follow":"follow","max-snippet":"max-snippet:-1","max-image-preview":"max-image-preview:large","max-video-preview":"max-video-preview:-1"},"canonical":"https:\/\/eprcf33.fr\/index.php\/devenir-une-commune-adherente\/","og_locale":"fr_FR","og_type":"article","og_title":"Devenir une commune adh\u00e9rente - eprcf 33 carri\u00e8res souterraines et falaises de Gironde","og_description":"[vc_row full_width=\u00a0\u00bbstretch_row_content_no_spaces\u00a0\u00bb][vc_column][rev_slider_vc alias=\u00a0\u00bbdevenir-une-commune-adherante\u00a0\u00bb][\/vc_column][\/vc_row][vc_row full_width=\u00a0\u00bbstretch_row\u00a0\u00bb][vc_column][vc_empty_space][vc_empty_space][vc_column_text]Notre syndicat intercommunal EPRCF33 a vocation \u00e0 accueillir un maximum de communes concern\u00e9es par les carri\u00e8res souterraines et falaises en Gironde afin de mener une politique concert\u00e9e de la pr\u00e9vention des risques li\u00e9s aux carri\u00e8res et aux&hellip;","og_url":"https:\/\/eprcf33.fr\/index.php\/devenir-une-commune-adherente\/","og_site_name":"eprcf 33 carri\u00e8res souterraines et falaises de Gironde","article_modified_time":"2025-10-24T11:14:28+00:00","twitter_card":"summary_large_image","twitter_misc":{"Dur\u00e9e de lecture estim\u00e9e":"2 minutes"},"schema":{"@context":"https:\/\/schema.org","@graph":[{"@type":"WebPage","@id":"https:\/\/eprcf33.fr\/index.php\/devenir-une-commune-adherente\/","url":"https:\/\/eprcf33.fr\/index.php\/devenir-une-commune-adherente\/","name":"Devenir une commune adh\u00e9rente - eprcf 33 carri\u00e8res souterraines et falaises de Gironde","isPartOf":{"@id":"https:\/\/eprcf33.fr\/#website"},"datePublished":"2020-02-04T14:28:48+00:00","dateModified":"2025-10-24T11:14:28+00:00","breadcrumb":{"@id":"https:\/\/eprcf33.fr\/index.php\/devenir-une-commune-adherente\/#breadcrumb"},"inLanguage":"fr-FR","potentialAction":[{"@type":"ReadAction","target":["https:\/\/eprcf33.fr\/index.php\/devenir-une-commune-adherente\/"]}]},{"@type":"BreadcrumbList","@id":"https:\/\/eprcf33.fr\/index.php\/devenir-une-commune-adherente\/#breadcrumb","itemListElement":[{"@type":"ListItem","position":1,"name":"Accueil","item":"https:\/\/eprcf33.fr\/"},{"@type":"ListItem","position":2,"name":"Devenir une commune adh\u00e9rente"}]},{"@type":"WebSite","@id":"https:\/\/eprcf33.fr\/#website","url":"https:\/\/eprcf33.fr\/","name":"eprcf 33 carri\u00e8res souterraines et falaises de Gironde","description":"Un site utilisant WordPress","publisher":{"@id":"https:\/\/eprcf33.fr\/#organization"},"potentialAction":[{"@type":"SearchAction","target":{"@type":"EntryPoint","urlTemplate":"https:\/\/eprcf33.fr\/?s={search_term_string}"},"query-input":"required name=search_term_string"}],"inLanguage":"fr-FR"},{"@type":"Organization","@id":"https:\/\/eprcf33.fr\/#organization","name":"eprcf 33 carri\u00e8res souterraines et falaises de Gironde","url":"https:\/\/eprcf33.fr\/","logo":{"@type":"ImageObject","inLanguage":"fr-FR","@id":"https:\/\/eprcf33.fr\/#\/schema\/logo\/image\/","url":"https:\/\/eprcf33.fr\/wp-content\/uploads\/2025\/07\/EPRCF-33-carrieres-falaises-logo-header-.png","contentUrl":"https:\/\/eprcf33.fr\/wp-content\/uploads\/2025\/07\/EPRCF-33-carrieres-falaises-logo-header-.png","width":425,"height":137,"caption":"eprcf 33 carri\u00e8res souterraines et falaises de Gironde"},"image":{"@id":"https:\/\/eprcf33.fr\/#\/schema\/logo\/image\/"}}]}},"_links":{"self":[{"href":"https:\/\/eprcf33.fr\/index.php\/wp-json\/wp\/v2\/pages\/183","targetHints":{"allow":["GET"]}}],"collection":[{"href":"https:\/\/eprcf33.fr\/index.php\/wp-json\/wp\/v2\/pages"}],"about":[{"href":"https:\/\/eprcf33.fr\/index.php\/wp-json\/wp\/v2\/types\/page"}],"author":[{"embeddable":true,"href":"https:\/\/eprcf33.fr\/index.php\/wp-json\/wp\/v2\/users\/1"}],"replies":[{"embeddable":true,"href":"https:\/\/eprcf33.fr\/index.php\/wp-json\/wp\/v2\/comments?post=183"}],"version-history":[{"count":21,"href":"https:\/\/eprcf33.fr\/index.php\/wp-json\/wp\/v2\/pages\/183\/revisions"}],"predecessor-version":[{"id":2320,"href":"https:\/\/eprcf33.fr\/index.php\/wp-json\/wp\/v2\/pages\/183\/revisions\/2320"}],"wp:attachment":[{"href":"https:\/\/eprcf33.fr\/index.php\/wp-json\/wp\/v2\/media?parent=183"}],"curies":[{"name":"wp","href":"https:\/\/api.w.org\/{rel}","templated":true}]}}