{"id":2010,"date":"2025-09-25T18:05:00","date_gmt":"2025-09-25T16:05:00","guid":{"rendered":"https:\/\/eprcf33.fr\/?page_id=2010"},"modified":"2025-09-26T23:20:21","modified_gmt":"2025-09-26T21:20:21","slug":"mentions-legales","status":"publish","type":"page","link":"https:\/\/eprcf33.fr\/index.php\/mentions-legales\/","title":{"rendered":"Mentions l\u00e9gales"},"content":{"rendered":"[vc_row full_width=\u00a0\u00bbstretch_row\u00a0\u00bb wpex_fixed_bg=\u00a0\u00bbfixed\u00a0\u00bb][vc_column][rev_slider_vc alias=\u00a0\u00bbmentions-legales\u00a0\u00bb][\/vc_column][\/vc_row][vc_row full_width=\u00a0\u00bbstretch_row\u00a0\u00bb wpex_fixed_bg=\u00a0\u00bbfixed\u00a0\u00bb css=\u00a0\u00bb.vc_custom_1758817026389{background-image: url(https:\/\/eprcf33.fr\/wp-content\/uploads\/2025\/07\/eprcf-33-carriere-falaise-fond-2.png?id=1505) !important;}\u00a0\u00bb][vc_column][vc_column_text]\n<h2 class=\"wp-block-heading\"><span style=\"font-family: Roboto;\"><strong>\u00c9diteur du site<\/strong><\/span><\/h2>\n<p><span style=\"font-family: Roboto;\">Le site <strong>eprcf33.fr<\/strong> est le site officiel du <strong>Syndicat Mixte pour l\u2019\u00c9tude et la Pr\u00e9vention des Risques li\u00e9s aux Carri\u00e8res et Falaises de Gironde (EPRCF33)<\/strong>.<\/span><br \/>\n<span style=\"font-family: Roboto;\"><strong>Adresse du si\u00e8ge social :<\/strong><\/span><br \/>\n<span style=\"font-family: Roboto;\">Mairie \u2013 33750 Saint-Germain-du-Puch<\/span><br \/>\n<span style=\"font-family: Roboto;\"><strong>SIRET :<\/strong> 20008651000019<\/span><br \/>\n<span style=\"font-family: Roboto;\"><strong>Responsable de la publication :<\/strong> Thomas Hauquin, Directeur<\/span><br \/>\n<span style=\"font-family: Roboto;\"><strong>Contact :<\/strong><\/span><br \/>\n<span style=\"font-family: Roboto;\">T\u00e9l. : 07 56 22 41 45<\/span><br \/>\n<span style=\"font-family: Roboto;\">Email : eprcf33@gmail.com<\/span><\/p>\n<p>&nbsp;<\/p>\n<h2><span style=\"font-family: Roboto;\"><strong>H\u00e9bergeur<\/strong><\/span><\/h2>\n<p><span style=\"font-family: Roboto;\">Le site est h\u00e9berg\u00e9 par :<\/span><br \/>\n<span style=\"font-family: Roboto;\"><strong>OVH SAS<\/strong><\/span><br \/>\n<span style=\"font-family: Roboto;\">2 rue Kellermann \u2013 59100 Roubaix \u2013 France<\/span><br \/>\n<span style=\"font-family: Roboto;\">T\u00e9l. : 1007<\/span><br \/>\n<span style=\"font-family: Roboto;\">Site web : www.ovh.com<\/span><\/p>\n<p>&nbsp;<\/p>\n<h2><span style=\"font-family: Roboto;\"><strong>Conception et r\u00e9alisation du site<\/strong><\/span><\/h2>\n<p><span style=\"font-family: Roboto;\"><strong>Push&amp;Pull Strat\u00e9gie<\/strong><\/span><br \/>\n<span style=\"font-family: Roboto;\">Agence de communication digitale<\/span><br \/>\n<span style=\"font-family: Roboto;\">Contact : C\u00e9drick Dubois<\/span><br \/>\n<span style=\"font-family: Roboto;\">Site web : <a href=\"http:\/\/pushetpull.com\">pushetpull.com<\/a><\/span><br \/>\n<span style=\"font-family: Roboto;\">Email : [c.dubois@pushetpull.com]<\/span><\/p>\n<p>&nbsp;<\/p>\n<h2><span style=\"font-family: Roboto;\"><strong>Propri\u00e9t\u00e9 intellectuelle<\/strong><\/span><\/h2>\n<p><span style=\"font-family: Roboto;\">L\u2019ensemble des contenus pr\u00e9sents sur le site <strong>eprcf33.fr<\/strong> (textes, images, vid\u00e9os, documents, \u00e9l\u00e9ments graphiques, etc.) est la propri\u00e9t\u00e9 exclusive du <strong>Syndicat EPRCF33<\/strong>, sauf mention contraire.<\/span><br \/>\n<span style=\"font-family: Roboto;\">Toute reproduction, diffusion ou utilisation, totale ou partielle, sans autorisation pr\u00e9alable \u00e9crite est strictement interdite, conform\u00e9ment aux dispositions du Code de la propri\u00e9t\u00e9 intellectuelle.<\/span><\/p>\n<p>&nbsp;<\/p>\n<h2><span style=\"font-family: Roboto;\"><strong>Donn\u00e9es personnelles<\/strong><\/span><\/h2>\n<p><span style=\"font-family: Roboto;\">Le site <strong>eprcf33.fr<\/strong> peut collecter des donn\u00e9es personnelles via son formulaire de contact. Ces donn\u00e9es sont destin\u00e9es exclusivement \u00e0 la prise de contact et au suivi des demandes par les services du syndicat.<\/span><br \/>\n<span style=\"font-family: Roboto;\">Aucune donn\u00e9e n\u2019est c\u00e9d\u00e9e \u00e0 des tiers.<\/span><\/p>\n<p><span style=\"font-family: Roboto;\">Conform\u00e9ment au <strong>R\u00e8glement G\u00e9n\u00e9ral sur la Protection des Donn\u00e9es (RGPD)<\/strong>, vous disposez d\u2019un droit d\u2019acc\u00e8s, de rectification, d\u2019opposition et de suppression de vos donn\u00e9es.<\/span><br \/>\n<span style=\"font-family: Roboto;\">Vous pouvez exercer vos droits en \u00e9crivant \u00e0 : eprcf33@gmail.com<\/span><\/p>\n<p>&nbsp;<\/p>\n<h2><span style=\"font-family: Roboto;\"><strong>Cookies<\/strong><\/span><\/h2>\n<p><span style=\"font-family: Roboto;\">Le site utilise des cookies pour am\u00e9liorer la navigation et mesurer l\u2019audience, notamment via <strong>Google Analytics<\/strong>.<\/span><br \/>\n<span style=\"font-family: Roboto;\">Lors de votre premi\u00e8re visite, un bandeau de consentement vous permet d\u2019accepter ou de refuser tout ou partie des cookies.<\/span><br \/>\n<span style=\"font-family: Roboto;\">Ce dispositif est g\u00e9r\u00e9 par <strong>CookieYes<\/strong>, en conformit\u00e9 avec la r\u00e9glementation en vigueur.<\/span><\/p>\n<p><span style=\"font-family: Roboto;\">Vous pouvez \u00e0 tout moment modifier vos pr\u00e9f\u00e9rences en mati\u00e8re de cookies en cliquant sur le lien d\u00e9di\u00e9 disponible en bas de page.<\/span><\/p>\n<p>&nbsp;<\/p>\n<h2><span style=\"font-family: Roboto;\"><strong>Liens hypertextes<\/strong><\/span><\/h2>\n<p><span style=\"font-family: Roboto;\">Le site <strong>eprcf33.fr<\/strong> peut contenir des liens vers des sites tiers. Le syndicat EPRCF33 ne peut \u00eatre tenu responsable du contenu ou des pratiques de confidentialit\u00e9 de ces sites externes.<\/span><\/p>\n<p>&nbsp;<\/p>\n<h2><span style=\"font-family: Roboto;\"><strong>Droit applicable<\/strong><\/span><\/h2>\n<p><span style=\"font-family: Roboto;\">Le pr\u00e9sent site est r\u00e9gi par le <strong>droit fran\u00e7ais<\/strong>. Tout litige relatif \u00e0 son utilisation rel\u00e8ve de la comp\u00e9tence exclusive des juridictions fran\u00e7aises.<\/span><\/p>\n<p>&nbsp;[\/vc_column_text][vc_empty_space][\/vc_column][\/vc_row]\n","protected":false},"excerpt":{"rendered":"<p>[vc_row full_width=\u00a0\u00bbstretch_row\u00a0\u00bb wpex_fixed_bg=\u00a0\u00bbfixed\u00a0\u00bb][vc_column][rev_slider_vc alias=\u00a0\u00bbmentions-legales\u00a0\u00bb][\/vc_column][\/vc_row][vc_row full_width=\u00a0\u00bbstretch_row\u00a0\u00bb wpex_fixed_bg=\u00a0\u00bbfixed\u00a0\u00bb css=\u00a0\u00bb.vc_custom_1758817026389{background-image: url(https:\/\/eprcf33.fr\/wp-content\/uploads\/2025\/07\/eprcf-33-carriere-falaise-fond-2.png?id=1505) !important;}\u00a0\u00bb][vc_column][vc_column_text] \u00c9diteur du site Le site eprcf33.fr est le site officiel du Syndicat Mixte pour l\u2019\u00c9tude et la Pr\u00e9vention des Risques li\u00e9s aux Carri\u00e8res et Falaises de Gironde (EPRCF33). Adresse du si\u00e8ge&hellip;<\/p>\n","protected":false},"author":1,"featured_media":0,"parent":0,"menu_order":0,"comment_status":"closed","ping_status":"closed","template":"","meta":{"footnotes":""},"class_list":["post-2010","page","type-page","status-publish","hentry","entry","no-media"],"yoast_head":"<!-- This site is optimized with the Yoast SEO plugin v23.3 - https:\/\/yoast.com\/wordpress\/plugins\/seo\/ -->\n<title>Mentions l\u00e9gales - eprcf 33 carri\u00e8res souterraines et falaises de Gironde<\/title>\n<meta name=\"robots\" content=\"index, follow, max-snippet:-1, max-image-preview:large, max-video-preview:-1\" \/>\n<link rel=\"canonical\" href=\"https:\/\/eprcf33.fr\/index.php\/mentions-legales\/\" \/>\n<meta property=\"og:locale\" content=\"fr_FR\" \/>\n<meta property=\"og:type\" content=\"article\" \/>\n<meta property=\"og:title\" content=\"Mentions l\u00e9gales - eprcf 33 carri\u00e8res souterraines et falaises de Gironde\" \/>\n<meta property=\"og:description\" content=\"[vc_row full_width=\u00a0\u00bbstretch_row\u00a0\u00bb wpex_fixed_bg=\u00a0\u00bbfixed\u00a0\u00bb][vc_column][rev_slider_vc alias=\u00a0\u00bbmentions-legales\u00a0\u00bb][\/vc_column][\/vc_row][vc_row full_width=\u00a0\u00bbstretch_row\u00a0\u00bb wpex_fixed_bg=\u00a0\u00bbfixed\u00a0\u00bb css=\u00a0\u00bb.vc_custom_1758817026389{background-image: url(https:\/\/eprcf33.fr\/wp-content\/uploads\/2025\/07\/eprcf-33-carriere-falaise-fond-2.png?id=1505) !important;}\u00a0\u00bb][vc_column][vc_column_text] \u00c9diteur du site Le site eprcf33.fr est le site officiel du Syndicat Mixte pour l\u2019\u00c9tude et la Pr\u00e9vention des Risques li\u00e9s aux Carri\u00e8res et Falaises de Gironde (EPRCF33). Adresse du si\u00e8ge&hellip;\" \/>\n<meta property=\"og:url\" content=\"https:\/\/eprcf33.fr\/index.php\/mentions-legales\/\" \/>\n<meta property=\"og:site_name\" content=\"eprcf 33 carri\u00e8res souterraines et falaises de Gironde\" \/>\n<meta property=\"article:modified_time\" content=\"2025-09-26T21:20:21+00:00\" \/>\n<meta name=\"twitter:card\" content=\"summary_large_image\" \/>\n<meta name=\"twitter:label1\" content=\"Dur\u00e9e de lecture estim\u00e9e\" \/>\n\t<meta name=\"twitter:data1\" content=\"1 minute\" \/>\n<script type=\"application\/ld+json\" class=\"yoast-schema-graph\">{\"@context\":\"https:\/\/schema.org\",\"@graph\":[{\"@type\":\"WebPage\",\"@id\":\"https:\/\/eprcf33.fr\/index.php\/mentions-legales\/\",\"url\":\"https:\/\/eprcf33.fr\/index.php\/mentions-legales\/\",\"name\":\"Mentions l\u00e9gales - eprcf 33 carri\u00e8res souterraines et falaises de Gironde\",\"isPartOf\":{\"@id\":\"https:\/\/eprcf33.fr\/#website\"},\"datePublished\":\"2025-09-25T16:05:00+00:00\",\"dateModified\":\"2025-09-26T21:20:21+00:00\",\"breadcrumb\":{\"@id\":\"https:\/\/eprcf33.fr\/index.php\/mentions-legales\/#breadcrumb\"},\"inLanguage\":\"fr-FR\",\"potentialAction\":[{\"@type\":\"ReadAction\",\"target\":[\"https:\/\/eprcf33.fr\/index.php\/mentions-legales\/\"]}]},{\"@type\":\"BreadcrumbList\",\"@id\":\"https:\/\/eprcf33.fr\/index.php\/mentions-legales\/#breadcrumb\",\"itemListElement\":[{\"@type\":\"ListItem\",\"position\":1,\"name\":\"Accueil\",\"item\":\"https:\/\/eprcf33.fr\/\"},{\"@type\":\"ListItem\",\"position\":2,\"name\":\"Mentions l\u00e9gales\"}]},{\"@type\":\"WebSite\",\"@id\":\"https:\/\/eprcf33.fr\/#website\",\"url\":\"https:\/\/eprcf33.fr\/\",\"name\":\"eprcf 33 carri\u00e8res souterraines et falaises de Gironde\",\"description\":\"Un site utilisant WordPress\",\"publisher\":{\"@id\":\"https:\/\/eprcf33.fr\/#organization\"},\"potentialAction\":[{\"@type\":\"SearchAction\",\"target\":{\"@type\":\"EntryPoint\",\"urlTemplate\":\"https:\/\/eprcf33.fr\/?s={search_term_string}\"},\"query-input\":\"required name=search_term_string\"}],\"inLanguage\":\"fr-FR\"},{\"@type\":\"Organization\",\"@id\":\"https:\/\/eprcf33.fr\/#organization\",\"name\":\"eprcf 33 carri\u00e8res souterraines et falaises de Gironde\",\"url\":\"https:\/\/eprcf33.fr\/\",\"logo\":{\"@type\":\"ImageObject\",\"inLanguage\":\"fr-FR\",\"@id\":\"https:\/\/eprcf33.fr\/#\/schema\/logo\/image\/\",\"url\":\"https:\/\/eprcf33.fr\/wp-content\/uploads\/2025\/07\/EPRCF-33-carrieres-falaises-logo-header-.png\",\"contentUrl\":\"https:\/\/eprcf33.fr\/wp-content\/uploads\/2025\/07\/EPRCF-33-carrieres-falaises-logo-header-.png\",\"width\":425,\"height\":137,\"caption\":\"eprcf 33 carri\u00e8res souterraines et falaises de Gironde\"},\"image\":{\"@id\":\"https:\/\/eprcf33.fr\/#\/schema\/logo\/image\/\"}}]}<\/script>\n<!-- \/ Yoast SEO plugin. -->","yoast_head_json":{"title":"Mentions l\u00e9gales - eprcf 33 carri\u00e8res souterraines et falaises de Gironde","robots":{"index":"index","follow":"follow","max-snippet":"max-snippet:-1","max-image-preview":"max-image-preview:large","max-video-preview":"max-video-preview:-1"},"canonical":"https:\/\/eprcf33.fr\/index.php\/mentions-legales\/","og_locale":"fr_FR","og_type":"article","og_title":"Mentions l\u00e9gales - eprcf 33 carri\u00e8res souterraines et falaises de Gironde","og_description":"[vc_row full_width=\u00a0\u00bbstretch_row\u00a0\u00bb wpex_fixed_bg=\u00a0\u00bbfixed\u00a0\u00bb][vc_column][rev_slider_vc alias=\u00a0\u00bbmentions-legales\u00a0\u00bb][\/vc_column][\/vc_row][vc_row full_width=\u00a0\u00bbstretch_row\u00a0\u00bb wpex_fixed_bg=\u00a0\u00bbfixed\u00a0\u00bb css=\u00a0\u00bb.vc_custom_1758817026389{background-image: url(https:\/\/eprcf33.fr\/wp-content\/uploads\/2025\/07\/eprcf-33-carriere-falaise-fond-2.png?id=1505) !important;}\u00a0\u00bb][vc_column][vc_column_text] \u00c9diteur du site Le site eprcf33.fr est le site officiel du Syndicat Mixte pour l\u2019\u00c9tude et la Pr\u00e9vention des Risques li\u00e9s aux Carri\u00e8res et Falaises de Gironde (EPRCF33). Adresse du si\u00e8ge&hellip;","og_url":"https:\/\/eprcf33.fr\/index.php\/mentions-legales\/","og_site_name":"eprcf 33 carri\u00e8res souterraines et falaises de Gironde","article_modified_time":"2025-09-26T21:20:21+00:00","twitter_card":"summary_large_image","twitter_misc":{"Dur\u00e9e de lecture estim\u00e9e":"1 minute"},"schema":{"@context":"https:\/\/schema.org","@graph":[{"@type":"WebPage","@id":"https:\/\/eprcf33.fr\/index.php\/mentions-legales\/","url":"https:\/\/eprcf33.fr\/index.php\/mentions-legales\/","name":"Mentions l\u00e9gales - eprcf 33 carri\u00e8res souterraines et falaises de Gironde","isPartOf":{"@id":"https:\/\/eprcf33.fr\/#website"},"datePublished":"2025-09-25T16:05:00+00:00","dateModified":"2025-09-26T21:20:21+00:00","breadcrumb":{"@id":"https:\/\/eprcf33.fr\/index.php\/mentions-legales\/#breadcrumb"},"inLanguage":"fr-FR","potentialAction":[{"@type":"ReadAction","target":["https:\/\/eprcf33.fr\/index.php\/mentions-legales\/"]}]},{"@type":"BreadcrumbList","@id":"https:\/\/eprcf33.fr\/index.php\/mentions-legales\/#breadcrumb","itemListElement":[{"@type":"ListItem","position":1,"name":"Accueil","item":"https:\/\/eprcf33.fr\/"},{"@type":"ListItem","position":2,"name":"Mentions l\u00e9gales"}]},{"@type":"WebSite","@id":"https:\/\/eprcf33.fr\/#website","url":"https:\/\/eprcf33.fr\/","name":"eprcf 33 carri\u00e8res souterraines et falaises de Gironde","description":"Un site utilisant WordPress","publisher":{"@id":"https:\/\/eprcf33.fr\/#organization"},"potentialAction":[{"@type":"SearchAction","target":{"@type":"EntryPoint","urlTemplate":"https:\/\/eprcf33.fr\/?s={search_term_string}"},"query-input":"required name=search_term_string"}],"inLanguage":"fr-FR"},{"@type":"Organization","@id":"https:\/\/eprcf33.fr\/#organization","name":"eprcf 33 carri\u00e8res souterraines et falaises de Gironde","url":"https:\/\/eprcf33.fr\/","logo":{"@type":"ImageObject","inLanguage":"fr-FR","@id":"https:\/\/eprcf33.fr\/#\/schema\/logo\/image\/","url":"https:\/\/eprcf33.fr\/wp-content\/uploads\/2025\/07\/EPRCF-33-carrieres-falaises-logo-header-.png","contentUrl":"https:\/\/eprcf33.fr\/wp-content\/uploads\/2025\/07\/EPRCF-33-carrieres-falaises-logo-header-.png","width":425,"height":137,"caption":"eprcf 33 carri\u00e8res souterraines et falaises de Gironde"},"image":{"@id":"https:\/\/eprcf33.fr\/#\/schema\/logo\/image\/"}}]}},"_links":{"self":[{"href":"https:\/\/eprcf33.fr\/index.php\/wp-json\/wp\/v2\/pages\/2010","targetHints":{"allow":["GET"]}}],"collection":[{"href":"https:\/\/eprcf33.fr\/index.php\/wp-json\/wp\/v2\/pages"}],"about":[{"href":"https:\/\/eprcf33.fr\/index.php\/wp-json\/wp\/v2\/types\/page"}],"author":[{"embeddable":true,"href":"https:\/\/eprcf33.fr\/index.php\/wp-json\/wp\/v2\/users\/1"}],"replies":[{"embeddable":true,"href":"https:\/\/eprcf33.fr\/index.php\/wp-json\/wp\/v2\/comments?post=2010"}],"version-history":[{"count":7,"href":"https:\/\/eprcf33.fr\/index.php\/wp-json\/wp\/v2\/pages\/2010\/revisions"}],"predecessor-version":[{"id":2038,"href":"https:\/\/eprcf33.fr\/index.php\/wp-json\/wp\/v2\/pages\/2010\/revisions\/2038"}],"wp:attachment":[{"href":"https:\/\/eprcf33.fr\/index.php\/wp-json\/wp\/v2\/media?parent=2010"}],"curies":[{"name":"wp","href":"https:\/\/api.w.org\/{rel}","templated":true}]}}