{"id":207,"date":"2020-02-04T15:59:47","date_gmt":"2020-02-04T14:59:47","guid":{"rendered":"http:\/\/eprcf33.fr\/?page_id=207"},"modified":"2025-09-27T01:25:51","modified_gmt":"2025-09-26T23:25:51","slug":"surveillance-et-inspection-des-carrieres-souterraines","status":"publish","type":"page","link":"https:\/\/eprcf33.fr\/index.php\/surveillance-et-inspection-des-carrieres-souterraines\/","title":{"rendered":"Surveillance et inspection des carri\u00e8res souterraines"},"content":{"rendered":"[vc_row full_width=\u00a0\u00bbstretch_row_content_no_spaces\u00a0\u00bb][vc_column][rev_slider_vc alias=\u00a0\u00bbeprcf33-diagnostic-etude-et-surveillance\u00a0\u00bb][\/vc_column][\/vc_row][vc_row][vc_column][vc_empty_space]<h2 class=\"vcex-module vcex-heading vcex-heading-plain\" style=\"font-family:&#039;Roboto&#039;,&#039;Helvetica Neue&#039;, Arial, sans-serif;\"><span class=\"vcex-heading-inner clr\">EPRCF 33 : NOS MISSIONS :<\/span><\/h2><h2 class=\"vcex-module vcex-heading vcex-heading-plain\" style=\"font-family:&#039;Roboto&#039;,&#039;Helvetica Neue&#039;, Arial, sans-serif;\"><span class=\"vcex-heading-inner clr\">DIAGNOSTIC ETUDE ET SURVEILLANCE DES CARRI\u00c8RES ET FALAISES<\/span><\/h2>[\/vc_column][\/vc_row][vc_row][vc_column][vc_column_text]\n<p style=\"text-align: justify;\"><span style=\"font-family: Roboto;\">Nous proposons aux communes adh\u00e9rentes et aux particuliers r\u00e9sidant de ces communes diff\u00e9rents niveaux de prestation en mati\u00e8re de diagnostic de stabilit\u00e9 des carri\u00e8res et falaises.<\/span><\/p>\n[\/vc_column_text][\/vc_column][\/vc_row][vc_row full_width=\u00a0\u00bbstretch_row\u00a0\u00bb css=\u00a0\u00bb.vc_custom_1758929054726{background-color: #ded6cc !important;}\u00a0\u00bb][vc_column][vc_empty_space][vc_column_text]\n<p style=\"text-align: justify;\"><span style=\"font-family: Roboto;\"><span style=\"color: #81d742;\"><strong>Le diagnostic pr\u00e9liminaire<\/strong><\/span> permet d\u2019identifier, \u00e0 l\u2019\u00e9chelle globale d\u2019un secteur ou d\u2019une carri\u00e8re, \u00e0 partir d\u2019indice visuels recueillis sur site, les principaux al\u00e9as g\u00e9otechniques. A l\u2019issue du diagnostic pr\u00e9liminaire, des recommandations d\u2019\u00e9tudes plus approfondies ou de surveillance p\u00e9riodique peuvent \u00eatre formul\u00e9es.<\/span><\/p>\n<p style=\"text-align: justify;\"><span style=\"font-family: Roboto;\"><strong><span style=\"color: #81d742;\">Les \u00e9tudes approfondies<\/span><\/strong> sont bas\u00e9es sur un diagnostic visuel plus pr\u00e9cis que le diagnostic pr\u00e9liminaire incluant une localisation des d\u00e9sordres sur plan mais \u00e9galement sur des calculs analytiques de stabilit\u00e9 r\u00e9alis\u00e9s selon les r\u00e8gles de l\u2019art afin de d\u00e9finir les al\u00e9as \u00e0 court et long termes, de mani\u00e8re diff\u00e9renci\u00e9e en fonction des secteurs.<\/span><\/p>\n<p style=\"text-align: justify;\"><span style=\"font-family: Roboto;\"><strong><span style=\"color: #81d742;\">La surveillance p\u00e9riodique<\/span><\/strong> consiste \u00e0 effectuer des diagnostics visuels sur site \u00e0 intervalle de temps r\u00e9gulier afin de d\u00e9tecter d\u2019\u00e9ventuelles \u00e9volutions des d\u00e9sordres pouvant \u00eatre le signe d\u2019un effondrement ou d\u2019un \u00e9boulement imminent. Ce diagnostic visuel est coupl\u00e9 avec une acquisition d\u2019images 3D (\u00e0 l\u2019aide scanner laser 3D dynamique ZBE-REVO RT) r\u00e9alis\u00e9e lors de chaque visite. Les images obtenues lors de deux acquisitions successives sont compar\u00e9es afin d\u2019identifier une \u00e9ventuelle \u00e9volution des d\u00e9sordres qui n\u2019aurait pas \u00e9t\u00e9 rep\u00e9r\u00e9e lors de l\u2019inspection visuelle. La fr\u00e9quence de r\u00e9alisation de ces visites p\u00e9riodiques peut \u00eatre ajust\u00e9e en fonction de nos observations.<\/span><\/p>\n[\/vc_column_text][\/vc_column][\/vc_row][vc_row][vc_column][vc_empty_space][vc_row_inner][vc_column_inner width=\u00a0\u00bb1\/2&Prime;][vc_single_image image=\u00a0\u00bb823&Prime; title=\u00a0\u00bbAvant effondrement\u00a0\u00bb][\/vc_column_inner][vc_column_inner width=\u00a0\u00bb1\/2&Prime;][vc_single_image image=\u00a0\u00bb824&Prime; title=\u00a0\u00bbApr\u00e8s effondrement\u00a0\u00bb][\/vc_column_inner][\/vc_row_inner][\/vc_column][\/vc_row][vc_row][vc_column][vc_empty_space][vc_column_text]<span style=\"font-family: Roboto;\">Vous souhaitez faire r\u00e9aliser un diagnostic, une \u00e9tude ou une surveillance p\u00e9riodique de votre carri\u00e8re ou falaise\u00a0?<\/span>[\/vc_column_text][vc_empty_space]<div class=\"textcenter theme-button-wrap clr\"><a href=\"https:\/\/eprcf33.fr\/index.php\/contact\/\" class=\"vcex-button theme-button align-center inline animate-on-hover\" style=\"background:#0bb2b2;\" data-wpex-hover='{&quot;background&quot;:&quot;#cfff57&quot;}'><span class=\"theme-button-inner\">CONTACTEZ-NOUS<\/span><\/a><\/div> [\/vc_column][\/vc_row]\n","protected":false},"excerpt":{"rendered":"<p>[vc_row full_width=\u00a0\u00bbstretch_row_content_no_spaces\u00a0\u00bb][vc_column][rev_slider_vc alias=\u00a0\u00bbeprcf33-diagnostic-etude-et-surveillance\u00a0\u00bb][\/vc_column][\/vc_row][vc_row][vc_column][vc_empty_space][\/vc_column][\/vc_row][vc_row][vc_column][vc_column_text] Nous proposons aux communes adh\u00e9rentes et aux particuliers r\u00e9sidant de ces communes diff\u00e9rents niveaux de prestation en mati\u00e8re de diagnostic de stabilit\u00e9 des carri\u00e8res et falaises. [\/vc_column_text][\/vc_column][\/vc_row][vc_row full_width=\u00a0\u00bbstretch_row\u00a0\u00bb css=\u00a0\u00bb.vc_custom_1758929054726{background-color: #ded6cc !important;}\u00a0\u00bb][vc_column][vc_empty_space][vc_column_text] Le diagnostic pr\u00e9liminaire permet d\u2019identifier, \u00e0&hellip;<\/p>\n","protected":false},"author":1,"featured_media":0,"parent":0,"menu_order":0,"comment_status":"closed","ping_status":"closed","template":"templates\/no-sidebar.php","meta":{"footnotes":""},"class_list":["post-207","page","type-page","status-publish","hentry","entry","no-media"],"yoast_head":"<!-- This site is optimized with the Yoast SEO plugin v23.3 - https:\/\/yoast.com\/wordpress\/plugins\/seo\/ -->\n<title>Surveillance et inspection des carri\u00e8res souterraines - eprcf 33 carri\u00e8res souterraines et falaises de Gironde<\/title>\n<meta name=\"robots\" content=\"index, follow, max-snippet:-1, max-image-preview:large, max-video-preview:-1\" \/>\n<link rel=\"canonical\" href=\"https:\/\/eprcf33.fr\/index.php\/surveillance-et-inspection-des-carrieres-souterraines\/\" \/>\n<meta property=\"og:locale\" content=\"fr_FR\" \/>\n<meta property=\"og:type\" content=\"article\" \/>\n<meta property=\"og:title\" content=\"Surveillance et inspection des carri\u00e8res souterraines - eprcf 33 carri\u00e8res souterraines et falaises de Gironde\" \/>\n<meta property=\"og:description\" content=\"[vc_row full_width=\u00a0\u00bbstretch_row_content_no_spaces\u00a0\u00bb][vc_column][rev_slider_vc alias=\u00a0\u00bbeprcf33-diagnostic-etude-et-surveillance\u00a0\u00bb][\/vc_column][\/vc_row][vc_row][vc_column][vc_empty_space][\/vc_column][\/vc_row][vc_row][vc_column][vc_column_text] Nous proposons aux communes adh\u00e9rentes et aux particuliers r\u00e9sidant de ces communes diff\u00e9rents niveaux de prestation en mati\u00e8re de diagnostic de stabilit\u00e9 des carri\u00e8res et falaises. [\/vc_column_text][\/vc_column][\/vc_row][vc_row full_width=\u00a0\u00bbstretch_row\u00a0\u00bb css=\u00a0\u00bb.vc_custom_1758929054726{background-color: #ded6cc !important;}\u00a0\u00bb][vc_column][vc_empty_space][vc_column_text] Le diagnostic pr\u00e9liminaire permet d\u2019identifier, \u00e0&hellip;\" \/>\n<meta property=\"og:url\" content=\"https:\/\/eprcf33.fr\/index.php\/surveillance-et-inspection-des-carrieres-souterraines\/\" \/>\n<meta property=\"og:site_name\" content=\"eprcf 33 carri\u00e8res souterraines et falaises de Gironde\" \/>\n<meta property=\"article:modified_time\" content=\"2025-09-26T23:25:51+00:00\" \/>\n<meta name=\"twitter:card\" content=\"summary_large_image\" \/>\n<meta name=\"twitter:label1\" content=\"Dur\u00e9e de lecture estim\u00e9e\" \/>\n\t<meta name=\"twitter:data1\" content=\"2 minutes\" \/>\n<script type=\"application\/ld+json\" class=\"yoast-schema-graph\">{\"@context\":\"https:\/\/schema.org\",\"@graph\":[{\"@type\":\"WebPage\",\"@id\":\"https:\/\/eprcf33.fr\/index.php\/surveillance-et-inspection-des-carrieres-souterraines\/\",\"url\":\"https:\/\/eprcf33.fr\/index.php\/surveillance-et-inspection-des-carrieres-souterraines\/\",\"name\":\"Surveillance et inspection des carri\u00e8res souterraines - eprcf 33 carri\u00e8res souterraines et falaises de Gironde\",\"isPartOf\":{\"@id\":\"https:\/\/eprcf33.fr\/#website\"},\"datePublished\":\"2020-02-04T14:59:47+00:00\",\"dateModified\":\"2025-09-26T23:25:51+00:00\",\"breadcrumb\":{\"@id\":\"https:\/\/eprcf33.fr\/index.php\/surveillance-et-inspection-des-carrieres-souterraines\/#breadcrumb\"},\"inLanguage\":\"fr-FR\",\"potentialAction\":[{\"@type\":\"ReadAction\",\"target\":[\"https:\/\/eprcf33.fr\/index.php\/surveillance-et-inspection-des-carrieres-souterraines\/\"]}]},{\"@type\":\"BreadcrumbList\",\"@id\":\"https:\/\/eprcf33.fr\/index.php\/surveillance-et-inspection-des-carrieres-souterraines\/#breadcrumb\",\"itemListElement\":[{\"@type\":\"ListItem\",\"position\":1,\"name\":\"Accueil\",\"item\":\"https:\/\/eprcf33.fr\/\"},{\"@type\":\"ListItem\",\"position\":2,\"name\":\"Surveillance et inspection des carri\u00e8res souterraines\"}]},{\"@type\":\"WebSite\",\"@id\":\"https:\/\/eprcf33.fr\/#website\",\"url\":\"https:\/\/eprcf33.fr\/\",\"name\":\"eprcf 33 carri\u00e8res souterraines et falaises de Gironde\",\"description\":\"Un site utilisant WordPress\",\"publisher\":{\"@id\":\"https:\/\/eprcf33.fr\/#organization\"},\"potentialAction\":[{\"@type\":\"SearchAction\",\"target\":{\"@type\":\"EntryPoint\",\"urlTemplate\":\"https:\/\/eprcf33.fr\/?s={search_term_string}\"},\"query-input\":\"required name=search_term_string\"}],\"inLanguage\":\"fr-FR\"},{\"@type\":\"Organization\",\"@id\":\"https:\/\/eprcf33.fr\/#organization\",\"name\":\"eprcf 33 carri\u00e8res souterraines et falaises de Gironde\",\"url\":\"https:\/\/eprcf33.fr\/\",\"logo\":{\"@type\":\"ImageObject\",\"inLanguage\":\"fr-FR\",\"@id\":\"https:\/\/eprcf33.fr\/#\/schema\/logo\/image\/\",\"url\":\"https:\/\/eprcf33.fr\/wp-content\/uploads\/2025\/07\/EPRCF-33-carrieres-falaises-logo-header-.png\",\"contentUrl\":\"https:\/\/eprcf33.fr\/wp-content\/uploads\/2025\/07\/EPRCF-33-carrieres-falaises-logo-header-.png\",\"width\":425,\"height\":137,\"caption\":\"eprcf 33 carri\u00e8res souterraines et falaises de Gironde\"},\"image\":{\"@id\":\"https:\/\/eprcf33.fr\/#\/schema\/logo\/image\/\"}}]}<\/script>\n<!-- \/ Yoast SEO plugin. -->","yoast_head_json":{"title":"Surveillance et inspection des carri\u00e8res souterraines - eprcf 33 carri\u00e8res souterraines et falaises de Gironde","robots":{"index":"index","follow":"follow","max-snippet":"max-snippet:-1","max-image-preview":"max-image-preview:large","max-video-preview":"max-video-preview:-1"},"canonical":"https:\/\/eprcf33.fr\/index.php\/surveillance-et-inspection-des-carrieres-souterraines\/","og_locale":"fr_FR","og_type":"article","og_title":"Surveillance et inspection des carri\u00e8res souterraines - eprcf 33 carri\u00e8res souterraines et falaises de Gironde","og_description":"[vc_row full_width=\u00a0\u00bbstretch_row_content_no_spaces\u00a0\u00bb][vc_column][rev_slider_vc alias=\u00a0\u00bbeprcf33-diagnostic-etude-et-surveillance\u00a0\u00bb][\/vc_column][\/vc_row][vc_row][vc_column][vc_empty_space][\/vc_column][\/vc_row][vc_row][vc_column][vc_column_text] Nous proposons aux communes adh\u00e9rentes et aux particuliers r\u00e9sidant de ces communes diff\u00e9rents niveaux de prestation en mati\u00e8re de diagnostic de stabilit\u00e9 des carri\u00e8res et falaises. [\/vc_column_text][\/vc_column][\/vc_row][vc_row full_width=\u00a0\u00bbstretch_row\u00a0\u00bb css=\u00a0\u00bb.vc_custom_1758929054726{background-color: #ded6cc !important;}\u00a0\u00bb][vc_column][vc_empty_space][vc_column_text] Le diagnostic pr\u00e9liminaire permet d\u2019identifier, \u00e0&hellip;","og_url":"https:\/\/eprcf33.fr\/index.php\/surveillance-et-inspection-des-carrieres-souterraines\/","og_site_name":"eprcf 33 carri\u00e8res souterraines et falaises de Gironde","article_modified_time":"2025-09-26T23:25:51+00:00","twitter_card":"summary_large_image","twitter_misc":{"Dur\u00e9e de lecture estim\u00e9e":"2 minutes"},"schema":{"@context":"https:\/\/schema.org","@graph":[{"@type":"WebPage","@id":"https:\/\/eprcf33.fr\/index.php\/surveillance-et-inspection-des-carrieres-souterraines\/","url":"https:\/\/eprcf33.fr\/index.php\/surveillance-et-inspection-des-carrieres-souterraines\/","name":"Surveillance et inspection des carri\u00e8res souterraines - eprcf 33 carri\u00e8res souterraines et falaises de Gironde","isPartOf":{"@id":"https:\/\/eprcf33.fr\/#website"},"datePublished":"2020-02-04T14:59:47+00:00","dateModified":"2025-09-26T23:25:51+00:00","breadcrumb":{"@id":"https:\/\/eprcf33.fr\/index.php\/surveillance-et-inspection-des-carrieres-souterraines\/#breadcrumb"},"inLanguage":"fr-FR","potentialAction":[{"@type":"ReadAction","target":["https:\/\/eprcf33.fr\/index.php\/surveillance-et-inspection-des-carrieres-souterraines\/"]}]},{"@type":"BreadcrumbList","@id":"https:\/\/eprcf33.fr\/index.php\/surveillance-et-inspection-des-carrieres-souterraines\/#breadcrumb","itemListElement":[{"@type":"ListItem","position":1,"name":"Accueil","item":"https:\/\/eprcf33.fr\/"},{"@type":"ListItem","position":2,"name":"Surveillance et inspection des carri\u00e8res souterraines"}]},{"@type":"WebSite","@id":"https:\/\/eprcf33.fr\/#website","url":"https:\/\/eprcf33.fr\/","name":"eprcf 33 carri\u00e8res souterraines et falaises de Gironde","description":"Un site utilisant WordPress","publisher":{"@id":"https:\/\/eprcf33.fr\/#organization"},"potentialAction":[{"@type":"SearchAction","target":{"@type":"EntryPoint","urlTemplate":"https:\/\/eprcf33.fr\/?s={search_term_string}"},"query-input":"required name=search_term_string"}],"inLanguage":"fr-FR"},{"@type":"Organization","@id":"https:\/\/eprcf33.fr\/#organization","name":"eprcf 33 carri\u00e8res souterraines et falaises de Gironde","url":"https:\/\/eprcf33.fr\/","logo":{"@type":"ImageObject","inLanguage":"fr-FR","@id":"https:\/\/eprcf33.fr\/#\/schema\/logo\/image\/","url":"https:\/\/eprcf33.fr\/wp-content\/uploads\/2025\/07\/EPRCF-33-carrieres-falaises-logo-header-.png","contentUrl":"https:\/\/eprcf33.fr\/wp-content\/uploads\/2025\/07\/EPRCF-33-carrieres-falaises-logo-header-.png","width":425,"height":137,"caption":"eprcf 33 carri\u00e8res souterraines et falaises de Gironde"},"image":{"@id":"https:\/\/eprcf33.fr\/#\/schema\/logo\/image\/"}}]}},"_links":{"self":[{"href":"https:\/\/eprcf33.fr\/index.php\/wp-json\/wp\/v2\/pages\/207","targetHints":{"allow":["GET"]}}],"collection":[{"href":"https:\/\/eprcf33.fr\/index.php\/wp-json\/wp\/v2\/pages"}],"about":[{"href":"https:\/\/eprcf33.fr\/index.php\/wp-json\/wp\/v2\/types\/page"}],"author":[{"embeddable":true,"href":"https:\/\/eprcf33.fr\/index.php\/wp-json\/wp\/v2\/users\/1"}],"replies":[{"embeddable":true,"href":"https:\/\/eprcf33.fr\/index.php\/wp-json\/wp\/v2\/comments?post=207"}],"version-history":[{"count":23,"href":"https:\/\/eprcf33.fr\/index.php\/wp-json\/wp\/v2\/pages\/207\/revisions"}],"predecessor-version":[{"id":2096,"href":"https:\/\/eprcf33.fr\/index.php\/wp-json\/wp\/v2\/pages\/207\/revisions\/2096"}],"wp:attachment":[{"href":"https:\/\/eprcf33.fr\/index.php\/wp-json\/wp\/v2\/media?parent=207"}],"curies":[{"name":"wp","href":"https:\/\/api.w.org\/{rel}","templated":true}]}}