{"id":209,"date":"2020-02-04T16:01:05","date_gmt":"2020-02-04T15:01:05","guid":{"rendered":"http:\/\/eprcf33.fr\/?page_id=209"},"modified":"2020-02-17T19:08:42","modified_gmt":"2020-02-17T18:08:42","slug":"diagnostic-de-stabilite","status":"publish","type":"page","link":"https:\/\/eprcf33.fr\/index.php\/diagnostic-de-stabilite\/","title":{"rendered":"Diagnostic de stabilit\u00e9"},"content":{"rendered":"[vc_row][vc_column][vc_column_text]\n<h2 class=\"wp-block-heading\">EPRCF33 : Nos missions : Le diagnostic de stabilit\u00e9 des carri\u00e9res et des falaises de Gironde<\/h2>\n[\/vc_column_text][\/vc_column][\/vc_row][vc_row][vc_column][vc_column_text]\n<p>Diagnostic, \u00e9tude et surveillance<\/p>\n<p>Nous proposons aux communes et particuliers diff\u00e9rents niveaux de prestation en mati\u00e8re de diagnostic de stabilit\u00e9 des carri\u00e8res et falaises.<\/p>\n<p>Le diagnostic pr\u00e9liminaire permet d\u2019identifier, \u00e0 l\u2019\u00e9chelle globale d\u2019un secteur ou d\u2019une carri\u00e8re, \u00e0 partir d\u2019indice visuels recueillis sur site, les principaux al\u00e9as g\u00e9otechniques. A l\u2019issue du diagnostic pr\u00e9liminaire, des recommandations d\u2019\u00e9tudes plus approfondies ou de surveillance p\u00e9riodique peuvent \u00eatre formul\u00e9es.<\/p>\n<p>Les \u00e9tudes approfondies sont bas\u00e9es sur un diagnostic visuel plus pr\u00e9cis que le diagnostic pr\u00e9liminaire incluant une localisation des d\u00e9sordres sur plan mais \u00e9galement sur des calculs analytiques de stabilit\u00e9 r\u00e9alis\u00e9s selon les r\u00e8gles de l\u2019art afin de d\u00e9finir les al\u00e9as \u00e0 court et long termes, de mani\u00e8re diff\u00e9renci\u00e9e en fonction des secteurs.<\/p>\n<p>La surveillance p\u00e9riodique consiste \u00e0 effectuer des diagnostics visuels sur site \u00e0 intervalle de temps r\u00e9gulier afin de d\u00e9tecter d\u2019\u00e9ventuelles \u00e9volutions des d\u00e9sordres pouvant \u00eatre le signe d\u2019un effondrement ou d\u2019un \u00e9boulement imminent.<\/p>\n[\/vc_column_text][\/vc_column][\/vc_row]\n","protected":false},"excerpt":{"rendered":"<p>[vc_row][vc_column][vc_column_text] EPRCF33 : Nos missions : Le diagnostic de stabilit\u00e9 des carri\u00e9res et des falaises de Gironde [\/vc_column_text][\/vc_column][\/vc_row][vc_row][vc_column][vc_column_text] Diagnostic, \u00e9tude et surveillance Nous proposons aux communes et particuliers diff\u00e9rents niveaux de prestation en mati\u00e8re de diagnostic de stabilit\u00e9 des carri\u00e8res&hellip;<\/p>\n","protected":false},"author":1,"featured_media":0,"parent":0,"menu_order":0,"comment_status":"closed","ping_status":"closed","template":"templates\/no-sidebar.php","meta":{"footnotes":""},"class_list":["post-209","page","type-page","status-publish","hentry","entry","no-media"],"yoast_head":"<!-- This site is optimized with the Yoast SEO plugin v23.3 - https:\/\/yoast.com\/wordpress\/plugins\/seo\/ -->\n<title>Diagnostic de stabilit\u00e9 - eprcf 33 carri\u00e8res souterraines et falaises de Gironde<\/title>\n<meta name=\"robots\" content=\"index, follow, max-snippet:-1, max-image-preview:large, max-video-preview:-1\" \/>\n<link rel=\"canonical\" href=\"https:\/\/eprcf33.fr\/index.php\/diagnostic-de-stabilite\/\" \/>\n<meta property=\"og:locale\" content=\"fr_FR\" \/>\n<meta property=\"og:type\" content=\"article\" \/>\n<meta property=\"og:title\" content=\"Diagnostic de stabilit\u00e9 - eprcf 33 carri\u00e8res souterraines et falaises de Gironde\" \/>\n<meta property=\"og:description\" content=\"[vc_row][vc_column][vc_column_text] EPRCF33 : Nos missions : Le diagnostic de stabilit\u00e9 des carri\u00e9res et des falaises de Gironde [\/vc_column_text][\/vc_column][\/vc_row][vc_row][vc_column][vc_column_text] Diagnostic, \u00e9tude et surveillance Nous proposons aux communes et particuliers diff\u00e9rents niveaux de prestation en mati\u00e8re de diagnostic de stabilit\u00e9 des carri\u00e8res&hellip;\" \/>\n<meta property=\"og:url\" content=\"https:\/\/eprcf33.fr\/index.php\/diagnostic-de-stabilite\/\" \/>\n<meta property=\"og:site_name\" content=\"eprcf 33 carri\u00e8res souterraines et falaises de Gironde\" \/>\n<meta property=\"article:modified_time\" content=\"2020-02-17T18:08:42+00:00\" \/>\n<meta name=\"twitter:card\" content=\"summary_large_image\" \/>\n<meta name=\"twitter:label1\" content=\"Dur\u00e9e de lecture estim\u00e9e\" \/>\n\t<meta name=\"twitter:data1\" content=\"1 minute\" \/>\n<script type=\"application\/ld+json\" class=\"yoast-schema-graph\">{\"@context\":\"https:\/\/schema.org\",\"@graph\":[{\"@type\":\"WebPage\",\"@id\":\"https:\/\/eprcf33.fr\/index.php\/diagnostic-de-stabilite\/\",\"url\":\"https:\/\/eprcf33.fr\/index.php\/diagnostic-de-stabilite\/\",\"name\":\"Diagnostic de stabilit\u00e9 - eprcf 33 carri\u00e8res souterraines et falaises de Gironde\",\"isPartOf\":{\"@id\":\"https:\/\/eprcf33.fr\/#website\"},\"datePublished\":\"2020-02-04T15:01:05+00:00\",\"dateModified\":\"2020-02-17T18:08:42+00:00\",\"breadcrumb\":{\"@id\":\"https:\/\/eprcf33.fr\/index.php\/diagnostic-de-stabilite\/#breadcrumb\"},\"inLanguage\":\"fr-FR\",\"potentialAction\":[{\"@type\":\"ReadAction\",\"target\":[\"https:\/\/eprcf33.fr\/index.php\/diagnostic-de-stabilite\/\"]}]},{\"@type\":\"BreadcrumbList\",\"@id\":\"https:\/\/eprcf33.fr\/index.php\/diagnostic-de-stabilite\/#breadcrumb\",\"itemListElement\":[{\"@type\":\"ListItem\",\"position\":1,\"name\":\"Accueil\",\"item\":\"https:\/\/eprcf33.fr\/\"},{\"@type\":\"ListItem\",\"position\":2,\"name\":\"Diagnostic de stabilit\u00e9\"}]},{\"@type\":\"WebSite\",\"@id\":\"https:\/\/eprcf33.fr\/#website\",\"url\":\"https:\/\/eprcf33.fr\/\",\"name\":\"eprcf 33 carri\u00e8res souterraines et falaises de Gironde\",\"description\":\"Un site utilisant WordPress\",\"publisher\":{\"@id\":\"https:\/\/eprcf33.fr\/#organization\"},\"potentialAction\":[{\"@type\":\"SearchAction\",\"target\":{\"@type\":\"EntryPoint\",\"urlTemplate\":\"https:\/\/eprcf33.fr\/?s={search_term_string}\"},\"query-input\":\"required name=search_term_string\"}],\"inLanguage\":\"fr-FR\"},{\"@type\":\"Organization\",\"@id\":\"https:\/\/eprcf33.fr\/#organization\",\"name\":\"eprcf 33 carri\u00e8res souterraines et falaises de Gironde\",\"url\":\"https:\/\/eprcf33.fr\/\",\"logo\":{\"@type\":\"ImageObject\",\"inLanguage\":\"fr-FR\",\"@id\":\"https:\/\/eprcf33.fr\/#\/schema\/logo\/image\/\",\"url\":\"https:\/\/eprcf33.fr\/wp-content\/uploads\/2025\/07\/EPRCF-33-carrieres-falaises-logo-header-.png\",\"contentUrl\":\"https:\/\/eprcf33.fr\/wp-content\/uploads\/2025\/07\/EPRCF-33-carrieres-falaises-logo-header-.png\",\"width\":425,\"height\":137,\"caption\":\"eprcf 33 carri\u00e8res souterraines et falaises de Gironde\"},\"image\":{\"@id\":\"https:\/\/eprcf33.fr\/#\/schema\/logo\/image\/\"}}]}<\/script>\n<!-- \/ Yoast SEO plugin. -->","yoast_head_json":{"title":"Diagnostic de stabilit\u00e9 - eprcf 33 carri\u00e8res souterraines et falaises de Gironde","robots":{"index":"index","follow":"follow","max-snippet":"max-snippet:-1","max-image-preview":"max-image-preview:large","max-video-preview":"max-video-preview:-1"},"canonical":"https:\/\/eprcf33.fr\/index.php\/diagnostic-de-stabilite\/","og_locale":"fr_FR","og_type":"article","og_title":"Diagnostic de stabilit\u00e9 - eprcf 33 carri\u00e8res souterraines et falaises de Gironde","og_description":"[vc_row][vc_column][vc_column_text] EPRCF33 : Nos missions : Le diagnostic de stabilit\u00e9 des carri\u00e9res et des falaises de Gironde [\/vc_column_text][\/vc_column][\/vc_row][vc_row][vc_column][vc_column_text] Diagnostic, \u00e9tude et surveillance Nous proposons aux communes et particuliers diff\u00e9rents niveaux de prestation en mati\u00e8re de diagnostic de stabilit\u00e9 des carri\u00e8res&hellip;","og_url":"https:\/\/eprcf33.fr\/index.php\/diagnostic-de-stabilite\/","og_site_name":"eprcf 33 carri\u00e8res souterraines et falaises de Gironde","article_modified_time":"2020-02-17T18:08:42+00:00","twitter_card":"summary_large_image","twitter_misc":{"Dur\u00e9e de lecture estim\u00e9e":"1 minute"},"schema":{"@context":"https:\/\/schema.org","@graph":[{"@type":"WebPage","@id":"https:\/\/eprcf33.fr\/index.php\/diagnostic-de-stabilite\/","url":"https:\/\/eprcf33.fr\/index.php\/diagnostic-de-stabilite\/","name":"Diagnostic de stabilit\u00e9 - eprcf 33 carri\u00e8res souterraines et falaises de Gironde","isPartOf":{"@id":"https:\/\/eprcf33.fr\/#website"},"datePublished":"2020-02-04T15:01:05+00:00","dateModified":"2020-02-17T18:08:42+00:00","breadcrumb":{"@id":"https:\/\/eprcf33.fr\/index.php\/diagnostic-de-stabilite\/#breadcrumb"},"inLanguage":"fr-FR","potentialAction":[{"@type":"ReadAction","target":["https:\/\/eprcf33.fr\/index.php\/diagnostic-de-stabilite\/"]}]},{"@type":"BreadcrumbList","@id":"https:\/\/eprcf33.fr\/index.php\/diagnostic-de-stabilite\/#breadcrumb","itemListElement":[{"@type":"ListItem","position":1,"name":"Accueil","item":"https:\/\/eprcf33.fr\/"},{"@type":"ListItem","position":2,"name":"Diagnostic de stabilit\u00e9"}]},{"@type":"WebSite","@id":"https:\/\/eprcf33.fr\/#website","url":"https:\/\/eprcf33.fr\/","name":"eprcf 33 carri\u00e8res souterraines et falaises de Gironde","description":"Un site utilisant WordPress","publisher":{"@id":"https:\/\/eprcf33.fr\/#organization"},"potentialAction":[{"@type":"SearchAction","target":{"@type":"EntryPoint","urlTemplate":"https:\/\/eprcf33.fr\/?s={search_term_string}"},"query-input":"required name=search_term_string"}],"inLanguage":"fr-FR"},{"@type":"Organization","@id":"https:\/\/eprcf33.fr\/#organization","name":"eprcf 33 carri\u00e8res souterraines et falaises de Gironde","url":"https:\/\/eprcf33.fr\/","logo":{"@type":"ImageObject","inLanguage":"fr-FR","@id":"https:\/\/eprcf33.fr\/#\/schema\/logo\/image\/","url":"https:\/\/eprcf33.fr\/wp-content\/uploads\/2025\/07\/EPRCF-33-carrieres-falaises-logo-header-.png","contentUrl":"https:\/\/eprcf33.fr\/wp-content\/uploads\/2025\/07\/EPRCF-33-carrieres-falaises-logo-header-.png","width":425,"height":137,"caption":"eprcf 33 carri\u00e8res souterraines et falaises de Gironde"},"image":{"@id":"https:\/\/eprcf33.fr\/#\/schema\/logo\/image\/"}}]}},"_links":{"self":[{"href":"https:\/\/eprcf33.fr\/index.php\/wp-json\/wp\/v2\/pages\/209","targetHints":{"allow":["GET"]}}],"collection":[{"href":"https:\/\/eprcf33.fr\/index.php\/wp-json\/wp\/v2\/pages"}],"about":[{"href":"https:\/\/eprcf33.fr\/index.php\/wp-json\/wp\/v2\/types\/page"}],"author":[{"embeddable":true,"href":"https:\/\/eprcf33.fr\/index.php\/wp-json\/wp\/v2\/users\/1"}],"replies":[{"embeddable":true,"href":"https:\/\/eprcf33.fr\/index.php\/wp-json\/wp\/v2\/comments?post=209"}],"version-history":[{"count":4,"href":"https:\/\/eprcf33.fr\/index.php\/wp-json\/wp\/v2\/pages\/209\/revisions"}],"predecessor-version":[{"id":538,"href":"https:\/\/eprcf33.fr\/index.php\/wp-json\/wp\/v2\/pages\/209\/revisions\/538"}],"wp:attachment":[{"href":"https:\/\/eprcf33.fr\/index.php\/wp-json\/wp\/v2\/media?parent=209"}],"curies":[{"name":"wp","href":"https:\/\/api.w.org\/{rel}","templated":true}]}}