{"id":213,"date":"2020-02-04T16:03:45","date_gmt":"2020-02-04T15:03:45","guid":{"rendered":"http:\/\/eprcf33.fr\/?page_id=213"},"modified":"2026-01-08T14:21:37","modified_gmt":"2026-01-08T13:21:37","slug":"les-tarifs-des-missions","status":"publish","type":"page","link":"https:\/\/eprcf33.fr\/index.php\/les-tarifs-des-missions\/","title":{"rendered":"Les tarifs"},"content":{"rendered":"[vc_row][vc_column][rev_slider_vc alias=\u00a0\u00bbnos-tarifs-par-mission\u00a0\u00bb][\/vc_column][\/vc_row][vc_row][vc_column][vc_empty_space]<h2 class=\"vcex-module vcex-heading vcex-heading-plain\" style=\"font-family:&#039;Roboto&#039;,&#039;Helvetica Neue&#039;, Arial, sans-serif;\"><span class=\"vcex-heading-inner clr\">NOS TARIFS PAR MISSION<\/span><\/h2>[vc_empty_space][vc_column_text]\n<p><span style=\"font-family: Roboto;\">La cotisation annuelle des communes, fix\u00e9e \u00e0 4,20 \u20ac\/habitant, permet aux collectivit\u00e9s adh\u00e9rentes de b\u00e9n\u00e9ficier gratuitement des missions suivantes :<\/span><\/p>\n<ul>\n<li><span style=\"font-family: Roboto;\">Expertise de premi\u00e8res urgence\u00a0<\/span><\/li>\n<li><span style=\"font-family: Roboto;\">Etudes concernant des sites d\u00e9finis sensibles \u00e0 enjeux forts<\/span><\/li>\n<li><span style=\"font-family: Roboto;\">La r\u00e9alisation des plans des carri\u00e8res<\/span><\/li>\n<\/ul>\n<p style=\"text-align: justify;\"><span style=\"font-family: Roboto;\">Pour les missions requ\u00e9rant un diagnostic ou ne concernant pas les sites sensibles \u00e0 enjeux forts, et pour les missions \u00e0 destination des particuliers, nous facturons nos prestations \u00e0 hauteur de<span style=\"color: #81d742;\"><strong> 75\u20ac \/ heure travaill\u00e9e \/ agent<\/strong>.<\/span><\/span><\/p>\n[\/vc_column_text][\/vc_column][\/vc_row][vc_row full_width=\u00a0\u00bbstretch_row\u00a0\u00bb css=\u00a0\u00bb.vc_custom_1582211444503{background-color: #efefef !important;}\u00a0\u00bb][vc_column][vc_empty_space][vc_column_text]\n<p style=\"text-align: justify;\"><span style=\"font-family: Roboto;\">Si vous souhaitez faire appel \u00e0 nos services, il vous suffit de nous envoyer votre demande par e-mail <a href=\"mailto:eprcf33@gmail.com\">eprcf33@gmail.com<\/a>\u00a0ou de nous contacter par t\u00e9l\u00e9phone au 05.64.37.13.76<\/span><\/p>\n<p style=\"text-align: justify;\"><span style=\"font-family: Roboto;\">Apr\u00e8s r\u00e9ception et analyse de votre demande, nous vous enverrons un devis chiffr\u00e9 dans les plus brefs d\u00e9lais.<\/span><\/p>\n[\/vc_column_text][\/vc_column][\/vc_row][vc_row full_width=\u00a0\u00bbstretch_row\u00a0\u00bb][vc_column][vc_empty_space][vc_single_image image=\u00a0\u00bb646&Prime; alignment=\u00a0\u00bbcenter\u00a0\u00bb][\/vc_column][\/vc_row]\n","protected":false},"excerpt":{"rendered":"<p>[vc_row][vc_column][rev_slider_vc alias=\u00a0\u00bbnos-tarifs-par-mission\u00a0\u00bb][\/vc_column][\/vc_row][vc_row][vc_column][vc_empty_space][vc_empty_space][vc_column_text] La cotisation annuelle des communes, fix\u00e9e \u00e0 4,20 \u20ac\/habitant, permet aux collectivit\u00e9s adh\u00e9rentes de b\u00e9n\u00e9ficier gratuitement des missions suivantes : Expertise de premi\u00e8res urgence\u00a0 Etudes concernant des sites d\u00e9finis sensibles \u00e0 enjeux forts La r\u00e9alisation des plans des&hellip;<\/p>\n","protected":false},"author":1,"featured_media":0,"parent":0,"menu_order":0,"comment_status":"closed","ping_status":"closed","template":"templates\/no-sidebar.php","meta":{"footnotes":""},"class_list":["post-213","page","type-page","status-publish","hentry","entry","no-media"],"yoast_head":"<!-- This site is optimized with the Yoast SEO plugin v23.3 - https:\/\/yoast.com\/wordpress\/plugins\/seo\/ -->\n<title>Les tarifs - eprcf 33 carri\u00e8res souterraines et falaises de Gironde<\/title>\n<meta name=\"robots\" content=\"index, follow, max-snippet:-1, max-image-preview:large, max-video-preview:-1\" \/>\n<link rel=\"canonical\" href=\"https:\/\/eprcf33.fr\/index.php\/les-tarifs-des-missions\/\" \/>\n<meta property=\"og:locale\" content=\"fr_FR\" \/>\n<meta property=\"og:type\" content=\"article\" \/>\n<meta property=\"og:title\" content=\"Les tarifs - eprcf 33 carri\u00e8res souterraines et falaises de Gironde\" \/>\n<meta property=\"og:description\" content=\"[vc_row][vc_column][rev_slider_vc alias=\u00a0\u00bbnos-tarifs-par-mission\u00a0\u00bb][\/vc_column][\/vc_row][vc_row][vc_column][vc_empty_space][vc_empty_space][vc_column_text] La cotisation annuelle des communes, fix\u00e9e \u00e0 4,20 \u20ac\/habitant, permet aux collectivit\u00e9s adh\u00e9rentes de b\u00e9n\u00e9ficier gratuitement des missions suivantes : Expertise de premi\u00e8res urgence\u00a0 Etudes concernant des sites d\u00e9finis sensibles \u00e0 enjeux forts La r\u00e9alisation des plans des&hellip;\" \/>\n<meta property=\"og:url\" content=\"https:\/\/eprcf33.fr\/index.php\/les-tarifs-des-missions\/\" \/>\n<meta property=\"og:site_name\" content=\"eprcf 33 carri\u00e8res souterraines et falaises de Gironde\" \/>\n<meta property=\"article:modified_time\" content=\"2026-01-08T13:21:37+00:00\" \/>\n<meta name=\"twitter:card\" content=\"summary_large_image\" \/>\n<meta name=\"twitter:label1\" content=\"Dur\u00e9e de lecture estim\u00e9e\" \/>\n\t<meta name=\"twitter:data1\" content=\"1 minute\" \/>\n<script type=\"application\/ld+json\" class=\"yoast-schema-graph\">{\"@context\":\"https:\/\/schema.org\",\"@graph\":[{\"@type\":\"WebPage\",\"@id\":\"https:\/\/eprcf33.fr\/index.php\/les-tarifs-des-missions\/\",\"url\":\"https:\/\/eprcf33.fr\/index.php\/les-tarifs-des-missions\/\",\"name\":\"Les tarifs - eprcf 33 carri\u00e8res souterraines et falaises de Gironde\",\"isPartOf\":{\"@id\":\"https:\/\/eprcf33.fr\/#website\"},\"datePublished\":\"2020-02-04T15:03:45+00:00\",\"dateModified\":\"2026-01-08T13:21:37+00:00\",\"breadcrumb\":{\"@id\":\"https:\/\/eprcf33.fr\/index.php\/les-tarifs-des-missions\/#breadcrumb\"},\"inLanguage\":\"fr-FR\",\"potentialAction\":[{\"@type\":\"ReadAction\",\"target\":[\"https:\/\/eprcf33.fr\/index.php\/les-tarifs-des-missions\/\"]}]},{\"@type\":\"BreadcrumbList\",\"@id\":\"https:\/\/eprcf33.fr\/index.php\/les-tarifs-des-missions\/#breadcrumb\",\"itemListElement\":[{\"@type\":\"ListItem\",\"position\":1,\"name\":\"Accueil\",\"item\":\"https:\/\/eprcf33.fr\/\"},{\"@type\":\"ListItem\",\"position\":2,\"name\":\"Les tarifs\"}]},{\"@type\":\"WebSite\",\"@id\":\"https:\/\/eprcf33.fr\/#website\",\"url\":\"https:\/\/eprcf33.fr\/\",\"name\":\"eprcf 33 carri\u00e8res souterraines et falaises de Gironde\",\"description\":\"Un site utilisant WordPress\",\"publisher\":{\"@id\":\"https:\/\/eprcf33.fr\/#organization\"},\"potentialAction\":[{\"@type\":\"SearchAction\",\"target\":{\"@type\":\"EntryPoint\",\"urlTemplate\":\"https:\/\/eprcf33.fr\/?s={search_term_string}\"},\"query-input\":\"required name=search_term_string\"}],\"inLanguage\":\"fr-FR\"},{\"@type\":\"Organization\",\"@id\":\"https:\/\/eprcf33.fr\/#organization\",\"name\":\"eprcf 33 carri\u00e8res souterraines et falaises de Gironde\",\"url\":\"https:\/\/eprcf33.fr\/\",\"logo\":{\"@type\":\"ImageObject\",\"inLanguage\":\"fr-FR\",\"@id\":\"https:\/\/eprcf33.fr\/#\/schema\/logo\/image\/\",\"url\":\"https:\/\/eprcf33.fr\/wp-content\/uploads\/2025\/07\/EPRCF-33-carrieres-falaises-logo-header-.png\",\"contentUrl\":\"https:\/\/eprcf33.fr\/wp-content\/uploads\/2025\/07\/EPRCF-33-carrieres-falaises-logo-header-.png\",\"width\":425,\"height\":137,\"caption\":\"eprcf 33 carri\u00e8res souterraines et falaises de Gironde\"},\"image\":{\"@id\":\"https:\/\/eprcf33.fr\/#\/schema\/logo\/image\/\"}}]}<\/script>\n<!-- \/ Yoast SEO plugin. -->","yoast_head_json":{"title":"Les tarifs - eprcf 33 carri\u00e8res souterraines et falaises de Gironde","robots":{"index":"index","follow":"follow","max-snippet":"max-snippet:-1","max-image-preview":"max-image-preview:large","max-video-preview":"max-video-preview:-1"},"canonical":"https:\/\/eprcf33.fr\/index.php\/les-tarifs-des-missions\/","og_locale":"fr_FR","og_type":"article","og_title":"Les tarifs - eprcf 33 carri\u00e8res souterraines et falaises de Gironde","og_description":"[vc_row][vc_column][rev_slider_vc alias=\u00a0\u00bbnos-tarifs-par-mission\u00a0\u00bb][\/vc_column][\/vc_row][vc_row][vc_column][vc_empty_space][vc_empty_space][vc_column_text] La cotisation annuelle des communes, fix\u00e9e \u00e0 4,20 \u20ac\/habitant, permet aux collectivit\u00e9s adh\u00e9rentes de b\u00e9n\u00e9ficier gratuitement des missions suivantes : Expertise de premi\u00e8res urgence\u00a0 Etudes concernant des sites d\u00e9finis sensibles \u00e0 enjeux forts La r\u00e9alisation des plans des&hellip;","og_url":"https:\/\/eprcf33.fr\/index.php\/les-tarifs-des-missions\/","og_site_name":"eprcf 33 carri\u00e8res souterraines et falaises de Gironde","article_modified_time":"2026-01-08T13:21:37+00:00","twitter_card":"summary_large_image","twitter_misc":{"Dur\u00e9e de lecture estim\u00e9e":"1 minute"},"schema":{"@context":"https:\/\/schema.org","@graph":[{"@type":"WebPage","@id":"https:\/\/eprcf33.fr\/index.php\/les-tarifs-des-missions\/","url":"https:\/\/eprcf33.fr\/index.php\/les-tarifs-des-missions\/","name":"Les tarifs - eprcf 33 carri\u00e8res souterraines et falaises de Gironde","isPartOf":{"@id":"https:\/\/eprcf33.fr\/#website"},"datePublished":"2020-02-04T15:03:45+00:00","dateModified":"2026-01-08T13:21:37+00:00","breadcrumb":{"@id":"https:\/\/eprcf33.fr\/index.php\/les-tarifs-des-missions\/#breadcrumb"},"inLanguage":"fr-FR","potentialAction":[{"@type":"ReadAction","target":["https:\/\/eprcf33.fr\/index.php\/les-tarifs-des-missions\/"]}]},{"@type":"BreadcrumbList","@id":"https:\/\/eprcf33.fr\/index.php\/les-tarifs-des-missions\/#breadcrumb","itemListElement":[{"@type":"ListItem","position":1,"name":"Accueil","item":"https:\/\/eprcf33.fr\/"},{"@type":"ListItem","position":2,"name":"Les tarifs"}]},{"@type":"WebSite","@id":"https:\/\/eprcf33.fr\/#website","url":"https:\/\/eprcf33.fr\/","name":"eprcf 33 carri\u00e8res souterraines et falaises de Gironde","description":"Un site utilisant WordPress","publisher":{"@id":"https:\/\/eprcf33.fr\/#organization"},"potentialAction":[{"@type":"SearchAction","target":{"@type":"EntryPoint","urlTemplate":"https:\/\/eprcf33.fr\/?s={search_term_string}"},"query-input":"required name=search_term_string"}],"inLanguage":"fr-FR"},{"@type":"Organization","@id":"https:\/\/eprcf33.fr\/#organization","name":"eprcf 33 carri\u00e8res souterraines et falaises de Gironde","url":"https:\/\/eprcf33.fr\/","logo":{"@type":"ImageObject","inLanguage":"fr-FR","@id":"https:\/\/eprcf33.fr\/#\/schema\/logo\/image\/","url":"https:\/\/eprcf33.fr\/wp-content\/uploads\/2025\/07\/EPRCF-33-carrieres-falaises-logo-header-.png","contentUrl":"https:\/\/eprcf33.fr\/wp-content\/uploads\/2025\/07\/EPRCF-33-carrieres-falaises-logo-header-.png","width":425,"height":137,"caption":"eprcf 33 carri\u00e8res souterraines et falaises de Gironde"},"image":{"@id":"https:\/\/eprcf33.fr\/#\/schema\/logo\/image\/"}}]}},"_links":{"self":[{"href":"https:\/\/eprcf33.fr\/index.php\/wp-json\/wp\/v2\/pages\/213","targetHints":{"allow":["GET"]}}],"collection":[{"href":"https:\/\/eprcf33.fr\/index.php\/wp-json\/wp\/v2\/pages"}],"about":[{"href":"https:\/\/eprcf33.fr\/index.php\/wp-json\/wp\/v2\/types\/page"}],"author":[{"embeddable":true,"href":"https:\/\/eprcf33.fr\/index.php\/wp-json\/wp\/v2\/users\/1"}],"replies":[{"embeddable":true,"href":"https:\/\/eprcf33.fr\/index.php\/wp-json\/wp\/v2\/comments?post=213"}],"version-history":[{"count":23,"href":"https:\/\/eprcf33.fr\/index.php\/wp-json\/wp\/v2\/pages\/213\/revisions"}],"predecessor-version":[{"id":2363,"href":"https:\/\/eprcf33.fr\/index.php\/wp-json\/wp\/v2\/pages\/213\/revisions\/2363"}],"wp:attachment":[{"href":"https:\/\/eprcf33.fr\/index.php\/wp-json\/wp\/v2\/media?parent=213"}],"curies":[{"name":"wp","href":"https:\/\/api.w.org\/{rel}","templated":true}]}}