{"id":2204,"date":"2025-09-29T15:22:18","date_gmt":"2025-09-29T13:22:18","guid":{"rendered":"https:\/\/eprcf33.fr\/?page_id=2204"},"modified":"2026-01-20T10:53:40","modified_gmt":"2026-01-20T09:53:40","slug":"blog","status":"publish","type":"page","link":"https:\/\/eprcf33.fr\/index.php\/blog\/","title":{"rendered":"FAQ"},"content":{"rendered":"[vc_row full_width=\u00a0\u00bbstretch_row\u00a0\u00bb wpex_bg_overlay=\u00a0\u00bbdark\u00a0\u00bb wpex_fixed_bg=\u00a0\u00bbfixed\u00a0\u00bb css=\u00a0\u00bb.vc_custom_1759154340564{background-image: url(https:\/\/eprcf33.fr\/wp-content\/uploads\/2020\/03\/EPRCF-33-Carri\u00e8res-et-souterraines-et-falaises-des-gironde-cartographie-des-carri\u00e8res-4.jpg?id=816) !important;}\u00a0\u00bb wpex_bg_overlay_opacity=\u00a0\u00bb0.3&Prime;][vc_column][vc_empty_space height=\u00a0\u00bb200px\u00a0\u00bb][vc_column_text color=\u00a0\u00bb#ffffff\u00a0\u00bb]\n<p style=\"text-align: center;\"><strong><span style=\"font-family: Roboto; font-size: 36px;\">FAQ<\/span><\/strong><\/p>\n[\/vc_column_text][vc_column_text color=\u00a0\u00bb#cfff57&Prime;]\n<h2 style=\"text-align: center;\">Vos questions les plus fr\u00e9quentes<\/h2>\n[\/vc_column_text][vc_empty_space height=\u00a0\u00bb150px\u00a0\u00bb][vc_toggle title=\u00a0\u00bbComment savoir s\u2019il existe une carri\u00e8re sous mon terrain ?\u00a0\u00bb css=\u00a0\u00bb.vc_custom_1768396645304{background-color: #ffffff !important;background-position: center !important;background-repeat: no-repeat !important;background-size: cover !important;border-radius: 1px !important;}\u00a0\u00bb]<span style=\"font-family: Roboto;\">Toutes les carri\u00e8res souterraines recens\u00e9es en Gironde sont mises \u00e0 disposition par le D\u00e9partement. Elles sont consultables en ligne via l\u2019 <a class=\"notion-link-token notion-focusable-token notion-enable-hover\" tabindex=\"0\" href=\"https:\/\/sig.gironde.fr\/portal\/apps\/webappviewer\/index.html?id=e470d6a1a1384331888c48a2448129c7\" rel=\"noopener noreferrer\" data-token-index=\"1\"><span class=\"link-annotation-unknown-block-id--505378281\">Inventaire des carri\u00e8res souterraines de la Gironde<\/span><\/a><span class=\"notion-enable-hover\" data-token-index=\"2\">.<\/span><\/span><!-- notionvc: 06cfafd5-1e82-4754-ab40-151832bae49d -->[\/vc_toggle][vc_toggle title=\u00a0\u00bb\u00c0 qui appartiennent les carri\u00e8res souterraines en Gironde ?\u00a0\u00bb css=\u00a0\u00bb.vc_custom_1768396722850{background-color: #ffffff !important;}\u00a0\u00bb]<span style=\"font-family: Roboto;\">Les carri\u00e8res souterraines rel\u00e8vent du <strong>droit priv\u00e9<\/strong>.<br \/>\nElles appartiennent donc, en principe, au propri\u00e9taire du terrain situ\u00e9 en surface.<br \/>\n<\/span><span style=\"font-family: Roboto;\">Il est fr\u00e9quent qu\u2019une m\u00eame carri\u00e8re souterraine s\u2019\u00e9tende sous plusieurs parcelles et rel\u00e8ve ainsi de <strong>plusieurs propri\u00e9taires distincts<\/strong>.<\/span><\/p>\n<p><span style=\"font-family: Roboto;\"><!-- notionvc: 46ba7c6c-cbbd-4af0-beb4-86931ed5ffdc --><\/span><br \/>\n<!-- notionvc: 06cfafd5-1e82-4754-ab40-151832bae49d -->[\/vc_toggle][vc_toggle title=\u00a0\u00bbQu\u2019est-ce qu\u2019un PPRMT ?\u00a0\u00bb css=\u00a0\u00bb.vc_custom_1768396662149{background-color: #ffffff !important;}\u00a0\u00bb]<span style=\"font-family: Roboto;\">Un Plan de Pr\u00e9vention des Risques de Mouvements de Terrain (PPRMT) est un document r\u00e9glementaire \u00e9tabli par l\u2019\u00c9tat.<\/span><\/p>\n<p><span style=\"font-family: Roboto;\">Il a pour objectifs :<\/span><\/p>\n<ul>\n<li><span style=\"font-family: Roboto;\">d\u2019identifier les zones expos\u00e9es aux risques de mouvements de terrain (effondrements, affaissements, glissements, etc.) ;<\/span><\/li>\n<li><span style=\"font-family: Roboto;\">de d\u00e9finir des r\u00e8gles d\u2019urbanisme visant \u00e0 limiter l\u2019exposition des personnes et des biens \u00e0 ces risques.<\/span><\/li>\n<\/ul>\n<p><span style=\"font-family: Roboto;\">Pour v\u00e9rifier l\u2019existence d\u2019un Plan de Pr\u00e9vention des Risques sur votre commune, rendez-vous sur <a href=\"https:\/\/georisques.gouv.fr\/\">g\u00e9orisque.gouv.fr<\/a><\/span><\/p>\n<p><!-- notionvc: a2113cda-322b-458c-8ae9-a8433081cd28 --><br \/>\n<!-- notionvc: 06cfafd5-1e82-4754-ab40-151832bae49d -->[\/vc_toggle][vc_toggle title=\u00a0\u00bbJe suis situ\u00e9 en zone rouge du PPRMT : qu\u2019est-ce que cela implique ?\u00a0\u00bb css=\u00a0\u00bb.vc_custom_1768902769652{background-color: #ffffff !important;}\u00a0\u00bb]<span style=\"font-family: Roboto;\">Dans cette zone :<\/span><\/p>\n<ul>\n<li><span style=\"font-family: Roboto;\">tout nouveau projet de construction de plus de 40 m\u00b2 est interdit ;<\/span><\/li>\n<li><span style=\"font-family: Roboto;\">toute cr\u00e9ation de nouveaux logements sont interdit.<\/span><\/li>\n<\/ul>\n<p><span style=\"font-family: Roboto;\">Pour la liste exhaustive des r\u00e8gles, vous pouvez consulter le r\u00e8glement du PPRMT g\u00e9n\u00e9ralement disponible sur le site de votre Mairie.<\/span>[\/vc_toggle][vc_toggle title=\u00a0\u00bbPuis-je vendre un terrain ou une maison situ\u00e9e au-dessus d\u2019une carri\u00e8re ?\u00a0\u00bb css=\u00a0\u00bb.vc_custom_1768902817982{background-color: #ffffff !important;}\u00a0\u00bb]<span style=\"font-family: Roboto;\">Il n\u2019existe pas de r\u00e8gle interdisant la vente d\u2019un terrain ou d\u2019un bien immobilier situ\u00e9 au-dessus d\u2019une carri\u00e8re souterraine.<br \/>\nEn revanche le notaire ou l\u2019acqu\u00e9reur peut demander la r\u00e9alisation d\u2019un diagnostic ou d\u2019une \u00e9tude de la carri\u00e8re afin d\u2019\u00e9valuer sa pr\u00e9sence et son \u00e9tat de la cavit\u00e9.<\/span><\/p>\n<p><a href=\"https:\/\/eprcf33.fr\/index.php\/contact\/\"><span style=\"font-family: Roboto;\"><strong>L\u2019EPRCF33 peut \u00eatre sollicit\u00e9 pour la r\u00e9alisation du diagnostic de votre carri\u00e8re.<\/strong><\/span><\/a><\/p>\n<p><span style=\"font-family: Roboto;\"><!-- notionvc: a86d326b-7b6a-4d7f-a107-2c8cefc41c05 --><\/span><br \/>\n<!-- notionvc: 06cfafd5-1e82-4754-ab40-151832bae49d -->[\/vc_toggle][vc_toggle title=\u00a0\u00bbQui est responsable en cas d\u2019effondrement ?\u00a0\u00bb css=\u00a0\u00bb.vc_custom_1768396746338{background-color: #ffffff !important;}\u00a0\u00bb]<span style=\"font-family: Roboto;\">Les propri\u00e9taires sont enti\u00e8rement responsables de tous dommages corporels ou mat\u00e9riels pouvant \u00eatre caus\u00e9s directement ou indirectement par la ruine de leur carri\u00e8re.<br \/>\nIl leur est donc conseill\u00e9 de pr\u00e9voir une surveillance r\u00e9guli\u00e8res pour \u00eatre en mesure de pr\u00e9venir les accidents.<\/span><\/p>\n<p><a href=\"https:\/\/eprcf33.fr\/index.php\/contact\/\"><span style=\"font-family: Roboto;\"><strong>L\u2019EPRCF33 peut \u00eatre sollicit\u00e9 pour la surveillance de votre carri\u00e8re.<\/strong><\/span><\/a><!-- notionvc: 72731e21-bd87-445c-a465-7c4145581ff0 --><\/p>\n<p><span style=\"font-family: Roboto;\"><!-- notionvc: a86d326b-7b6a-4d7f-a107-2c8cefc41c05 --><\/span><br \/>\n<!-- notionvc: 06cfafd5-1e82-4754-ab40-151832bae49d -->[\/vc_toggle][\/vc_column][\/vc_row][vc_row][vc_column][vc_empty_space height=\u00a0\u00bb64px\u00a0\u00bb][\/vc_column][\/vc_row]\n","protected":false},"excerpt":{"rendered":"<p>[vc_row full_width=\u00a0\u00bbstretch_row\u00a0\u00bb wpex_bg_overlay=\u00a0\u00bbdark\u00a0\u00bb wpex_fixed_bg=\u00a0\u00bbfixed\u00a0\u00bb css=\u00a0\u00bb.vc_custom_1759154340564{background-image: url(https:\/\/eprcf33.fr\/wp-content\/uploads\/2020\/03\/EPRCF-33-Carri\u00e8res-et-souterraines-et-falaises-des-gironde-cartographie-des-carri\u00e8res-4.jpg?id=816) !important;}\u00a0\u00bb wpex_bg_overlay_opacity=\u00a0\u00bb0.3&Prime;][vc_column][vc_empty_space height=\u00a0\u00bb200px\u00a0\u00bb][vc_column_text color=\u00a0\u00bb#ffffff\u00a0\u00bb] FAQ [\/vc_column_text][vc_column_text color=\u00a0\u00bb#cfff57&Prime;] Vos questions les plus fr\u00e9quentes [\/vc_column_text][vc_empty_space height=\u00a0\u00bb150px\u00a0\u00bb][vc_toggle title=\u00a0\u00bbComment savoir s\u2019il existe une carri\u00e8re sous mon terrain ?\u00a0\u00bb css=\u00a0\u00bb.vc_custom_1768396645304{background-color: #ffffff !important;background-position: center !important;background-repeat: no-repeat !important;background-size: cover !important;border-radius: 1px&hellip;<\/p>\n","protected":false},"author":1,"featured_media":0,"parent":0,"menu_order":0,"comment_status":"closed","ping_status":"closed","template":"","meta":{"footnotes":""},"class_list":["post-2204","page","type-page","status-publish","hentry","entry","no-media"],"yoast_head":"<!-- This site is optimized with the Yoast SEO plugin v23.3 - https:\/\/yoast.com\/wordpress\/plugins\/seo\/ -->\n<title>FAQ - eprcf 33 carri\u00e8res souterraines et falaises de Gironde<\/title>\n<meta name=\"robots\" content=\"index, follow, max-snippet:-1, max-image-preview:large, max-video-preview:-1\" \/>\n<link rel=\"canonical\" href=\"https:\/\/eprcf33.fr\/index.php\/blog\/\" \/>\n<meta property=\"og:locale\" content=\"fr_FR\" \/>\n<meta property=\"og:type\" content=\"article\" \/>\n<meta property=\"og:title\" content=\"FAQ - eprcf 33 carri\u00e8res souterraines et falaises de Gironde\" \/>\n<meta property=\"og:description\" content=\"[vc_row full_width=\u00a0\u00bbstretch_row\u00a0\u00bb wpex_bg_overlay=\u00a0\u00bbdark\u00a0\u00bb wpex_fixed_bg=\u00a0\u00bbfixed\u00a0\u00bb css=\u00a0\u00bb.vc_custom_1759154340564{background-image: url(https:\/\/eprcf33.fr\/wp-content\/uploads\/2020\/03\/EPRCF-33-Carri\u00e8res-et-souterraines-et-falaises-des-gironde-cartographie-des-carri\u00e8res-4.jpg?id=816) !important;}\u00a0\u00bb wpex_bg_overlay_opacity=\u00a0\u00bb0.3&Prime;][vc_column][vc_empty_space height=\u00a0\u00bb200px\u00a0\u00bb][vc_column_text color=\u00a0\u00bb#ffffff\u00a0\u00bb] FAQ [\/vc_column_text][vc_column_text color=\u00a0\u00bb#cfff57&Prime;] Vos questions les plus fr\u00e9quentes [\/vc_column_text][vc_empty_space height=\u00a0\u00bb150px\u00a0\u00bb][vc_toggle title=\u00a0\u00bbComment savoir s\u2019il existe une carri\u00e8re sous mon terrain ?\u00a0\u00bb css=\u00a0\u00bb.vc_custom_1768396645304{background-color: #ffffff !important;background-position: center !important;background-repeat: no-repeat !important;background-size: cover !important;border-radius: 1px&hellip;\" \/>\n<meta property=\"og:url\" content=\"https:\/\/eprcf33.fr\/index.php\/blog\/\" \/>\n<meta property=\"og:site_name\" content=\"eprcf 33 carri\u00e8res souterraines et falaises de Gironde\" \/>\n<meta property=\"article:modified_time\" content=\"2026-01-20T09:53:40+00:00\" \/>\n<meta name=\"twitter:card\" content=\"summary_large_image\" \/>\n<meta name=\"twitter:label1\" content=\"Dur\u00e9e de lecture estim\u00e9e\" \/>\n\t<meta name=\"twitter:data1\" content=\"2 minutes\" \/>\n<script type=\"application\/ld+json\" class=\"yoast-schema-graph\">{\"@context\":\"https:\/\/schema.org\",\"@graph\":[{\"@type\":\"WebPage\",\"@id\":\"https:\/\/eprcf33.fr\/index.php\/blog\/\",\"url\":\"https:\/\/eprcf33.fr\/index.php\/blog\/\",\"name\":\"FAQ - eprcf 33 carri\u00e8res souterraines et falaises de Gironde\",\"isPartOf\":{\"@id\":\"https:\/\/eprcf33.fr\/#website\"},\"datePublished\":\"2025-09-29T13:22:18+00:00\",\"dateModified\":\"2026-01-20T09:53:40+00:00\",\"breadcrumb\":{\"@id\":\"https:\/\/eprcf33.fr\/index.php\/blog\/#breadcrumb\"},\"inLanguage\":\"fr-FR\",\"potentialAction\":[{\"@type\":\"ReadAction\",\"target\":[\"https:\/\/eprcf33.fr\/index.php\/blog\/\"]}]},{\"@type\":\"BreadcrumbList\",\"@id\":\"https:\/\/eprcf33.fr\/index.php\/blog\/#breadcrumb\",\"itemListElement\":[{\"@type\":\"ListItem\",\"position\":1,\"name\":\"Accueil\",\"item\":\"https:\/\/eprcf33.fr\/\"},{\"@type\":\"ListItem\",\"position\":2,\"name\":\"FAQ\"}]},{\"@type\":\"WebSite\",\"@id\":\"https:\/\/eprcf33.fr\/#website\",\"url\":\"https:\/\/eprcf33.fr\/\",\"name\":\"eprcf 33 carri\u00e8res souterraines et falaises de Gironde\",\"description\":\"Un site utilisant WordPress\",\"publisher\":{\"@id\":\"https:\/\/eprcf33.fr\/#organization\"},\"potentialAction\":[{\"@type\":\"SearchAction\",\"target\":{\"@type\":\"EntryPoint\",\"urlTemplate\":\"https:\/\/eprcf33.fr\/?s={search_term_string}\"},\"query-input\":\"required name=search_term_string\"}],\"inLanguage\":\"fr-FR\"},{\"@type\":\"Organization\",\"@id\":\"https:\/\/eprcf33.fr\/#organization\",\"name\":\"eprcf 33 carri\u00e8res souterraines et falaises de Gironde\",\"url\":\"https:\/\/eprcf33.fr\/\",\"logo\":{\"@type\":\"ImageObject\",\"inLanguage\":\"fr-FR\",\"@id\":\"https:\/\/eprcf33.fr\/#\/schema\/logo\/image\/\",\"url\":\"https:\/\/eprcf33.fr\/wp-content\/uploads\/2025\/07\/EPRCF-33-carrieres-falaises-logo-header-.png\",\"contentUrl\":\"https:\/\/eprcf33.fr\/wp-content\/uploads\/2025\/07\/EPRCF-33-carrieres-falaises-logo-header-.png\",\"width\":425,\"height\":137,\"caption\":\"eprcf 33 carri\u00e8res souterraines et falaises de Gironde\"},\"image\":{\"@id\":\"https:\/\/eprcf33.fr\/#\/schema\/logo\/image\/\"}}]}<\/script>\n<!-- \/ Yoast SEO plugin. -->","yoast_head_json":{"title":"FAQ - eprcf 33 carri\u00e8res souterraines et falaises de Gironde","robots":{"index":"index","follow":"follow","max-snippet":"max-snippet:-1","max-image-preview":"max-image-preview:large","max-video-preview":"max-video-preview:-1"},"canonical":"https:\/\/eprcf33.fr\/index.php\/blog\/","og_locale":"fr_FR","og_type":"article","og_title":"FAQ - eprcf 33 carri\u00e8res souterraines et falaises de Gironde","og_description":"[vc_row full_width=\u00a0\u00bbstretch_row\u00a0\u00bb wpex_bg_overlay=\u00a0\u00bbdark\u00a0\u00bb wpex_fixed_bg=\u00a0\u00bbfixed\u00a0\u00bb css=\u00a0\u00bb.vc_custom_1759154340564{background-image: url(https:\/\/eprcf33.fr\/wp-content\/uploads\/2020\/03\/EPRCF-33-Carri\u00e8res-et-souterraines-et-falaises-des-gironde-cartographie-des-carri\u00e8res-4.jpg?id=816) !important;}\u00a0\u00bb wpex_bg_overlay_opacity=\u00a0\u00bb0.3&Prime;][vc_column][vc_empty_space height=\u00a0\u00bb200px\u00a0\u00bb][vc_column_text color=\u00a0\u00bb#ffffff\u00a0\u00bb] FAQ [\/vc_column_text][vc_column_text color=\u00a0\u00bb#cfff57&Prime;] Vos questions les plus fr\u00e9quentes [\/vc_column_text][vc_empty_space height=\u00a0\u00bb150px\u00a0\u00bb][vc_toggle title=\u00a0\u00bbComment savoir s\u2019il existe une carri\u00e8re sous mon terrain ?\u00a0\u00bb css=\u00a0\u00bb.vc_custom_1768396645304{background-color: #ffffff !important;background-position: center !important;background-repeat: no-repeat !important;background-size: cover !important;border-radius: 1px&hellip;","og_url":"https:\/\/eprcf33.fr\/index.php\/blog\/","og_site_name":"eprcf 33 carri\u00e8res souterraines et falaises de Gironde","article_modified_time":"2026-01-20T09:53:40+00:00","twitter_card":"summary_large_image","twitter_misc":{"Dur\u00e9e de lecture estim\u00e9e":"2 minutes"},"schema":{"@context":"https:\/\/schema.org","@graph":[{"@type":"WebPage","@id":"https:\/\/eprcf33.fr\/index.php\/blog\/","url":"https:\/\/eprcf33.fr\/index.php\/blog\/","name":"FAQ - eprcf 33 carri\u00e8res souterraines et falaises de Gironde","isPartOf":{"@id":"https:\/\/eprcf33.fr\/#website"},"datePublished":"2025-09-29T13:22:18+00:00","dateModified":"2026-01-20T09:53:40+00:00","breadcrumb":{"@id":"https:\/\/eprcf33.fr\/index.php\/blog\/#breadcrumb"},"inLanguage":"fr-FR","potentialAction":[{"@type":"ReadAction","target":["https:\/\/eprcf33.fr\/index.php\/blog\/"]}]},{"@type":"BreadcrumbList","@id":"https:\/\/eprcf33.fr\/index.php\/blog\/#breadcrumb","itemListElement":[{"@type":"ListItem","position":1,"name":"Accueil","item":"https:\/\/eprcf33.fr\/"},{"@type":"ListItem","position":2,"name":"FAQ"}]},{"@type":"WebSite","@id":"https:\/\/eprcf33.fr\/#website","url":"https:\/\/eprcf33.fr\/","name":"eprcf 33 carri\u00e8res souterraines et falaises de Gironde","description":"Un site utilisant WordPress","publisher":{"@id":"https:\/\/eprcf33.fr\/#organization"},"potentialAction":[{"@type":"SearchAction","target":{"@type":"EntryPoint","urlTemplate":"https:\/\/eprcf33.fr\/?s={search_term_string}"},"query-input":"required name=search_term_string"}],"inLanguage":"fr-FR"},{"@type":"Organization","@id":"https:\/\/eprcf33.fr\/#organization","name":"eprcf 33 carri\u00e8res souterraines et falaises de Gironde","url":"https:\/\/eprcf33.fr\/","logo":{"@type":"ImageObject","inLanguage":"fr-FR","@id":"https:\/\/eprcf33.fr\/#\/schema\/logo\/image\/","url":"https:\/\/eprcf33.fr\/wp-content\/uploads\/2025\/07\/EPRCF-33-carrieres-falaises-logo-header-.png","contentUrl":"https:\/\/eprcf33.fr\/wp-content\/uploads\/2025\/07\/EPRCF-33-carrieres-falaises-logo-header-.png","width":425,"height":137,"caption":"eprcf 33 carri\u00e8res souterraines et falaises de Gironde"},"image":{"@id":"https:\/\/eprcf33.fr\/#\/schema\/logo\/image\/"}}]}},"_links":{"self":[{"href":"https:\/\/eprcf33.fr\/index.php\/wp-json\/wp\/v2\/pages\/2204","targetHints":{"allow":["GET"]}}],"collection":[{"href":"https:\/\/eprcf33.fr\/index.php\/wp-json\/wp\/v2\/pages"}],"about":[{"href":"https:\/\/eprcf33.fr\/index.php\/wp-json\/wp\/v2\/types\/page"}],"author":[{"embeddable":true,"href":"https:\/\/eprcf33.fr\/index.php\/wp-json\/wp\/v2\/users\/1"}],"replies":[{"embeddable":true,"href":"https:\/\/eprcf33.fr\/index.php\/wp-json\/wp\/v2\/comments?post=2204"}],"version-history":[{"count":20,"href":"https:\/\/eprcf33.fr\/index.php\/wp-json\/wp\/v2\/pages\/2204\/revisions"}],"predecessor-version":[{"id":2380,"href":"https:\/\/eprcf33.fr\/index.php\/wp-json\/wp\/v2\/pages\/2204\/revisions\/2380"}],"wp:attachment":[{"href":"https:\/\/eprcf33.fr\/index.php\/wp-json\/wp\/v2\/media?parent=2204"}],"curies":[{"name":"wp","href":"https:\/\/api.w.org\/{rel}","templated":true}]}}