{"id":227,"date":"2020-02-04T16:52:42","date_gmt":"2020-02-04T15:52:42","guid":{"rendered":"http:\/\/eprcf33.fr\/?page_id=227"},"modified":"2025-10-22T11:16:02","modified_gmt":"2025-10-22T09:16:02","slug":"pprmp-plans-de-prevention-des-risques-de-mouvements-de-terrain","status":"publish","type":"page","link":"https:\/\/eprcf33.fr\/index.php\/pprmp-plans-de-prevention-des-risques-de-mouvements-de-terrain\/","title":{"rendered":"PPRMP : Plans de Pr\u00e9vention des Risques de Mouvements de Terrain"},"content":{"rendered":"[vc_row][vc_column][rev_slider_vc alias=\u00a0\u00bbplans-de-prevention-des-risques-de-mouvements-de-terrain\u00a0\u00bb][\/vc_column][\/vc_row][vc_row][vc_column][vc_column_text]\n<h2 style=\"text-align: justify;\"><span style=\"text-decoration: underline;\"><span style=\"font-family: Roboto;\">Les PPRMP : Plans de Pr\u00e9vention des Risques de Mouvements de Terrain<\/span><\/span><\/h2>\n<p><span style=\"font-family: Roboto;\">Les plans de pr\u00e9vention des risques ont pour but principal de mettre en place la pr\u00e9vention et la r\u00e9glementation de l\u2019urbanisme dans des zones expos\u00e9es \u00e0 des risques naturels tels que les mouvements de terrains.<\/span><\/p>\n<p><span style=\"font-family: Roboto;\">Les <strong>3 objectifs principaux d&rsquo;un PPRMT<\/strong> sont\u00a0:<\/span><\/p>\n<ul>\n<li><span style=\"font-family: Roboto;\">d\u00e9limiter les zones expos\u00e9es aux risques et, en fonction de la nature et de l\u2019intensit\u00e9 du risque encouru, limiter ou interdire toute construction;<\/span><\/li>\n<li><span style=\"font-family: Roboto;\">d\u00e9limiter les zones non directement expos\u00e9es aux risques mais o\u00f9 certains am\u00e9nagements pourraient provoquer une aggravation des risques ou une apparition de nouveaux risques;<\/span><\/li>\n<li><span style=\"font-family: Roboto;\">d\u00e9finir les mesures de pr\u00e9vention, de protection ou de sauvegarde qui doivent \u00eatre mises en \u0153uvre dans les zones directement ou indirectement expos\u00e9es.<\/span><\/li>\n<\/ul>\n[\/vc_column_text][\/vc_column][\/vc_row]\n","protected":false},"excerpt":{"rendered":"<p>[vc_row][vc_column][rev_slider_vc alias=\u00a0\u00bbplans-de-prevention-des-risques-de-mouvements-de-terrain\u00a0\u00bb][\/vc_column][\/vc_row][vc_row][vc_column][vc_column_text] Les PPRMP : Plans de Pr\u00e9vention des Risques de Mouvements de Terrain Les plans de pr\u00e9vention des risques ont pour but principal de mettre en place la pr\u00e9vention et la r\u00e9glementation de l\u2019urbanisme dans des zones expos\u00e9es \u00e0&hellip;<\/p>\n","protected":false},"author":1,"featured_media":0,"parent":0,"menu_order":0,"comment_status":"closed","ping_status":"closed","template":"templates\/no-sidebar.php","meta":{"footnotes":""},"class_list":["post-227","page","type-page","status-publish","hentry","entry","no-media"],"yoast_head":"<!-- This site is optimized with the Yoast SEO plugin v23.3 - https:\/\/yoast.com\/wordpress\/plugins\/seo\/ -->\n<title>PPRMP : Plans de Pr\u00e9vention des Risques de Mouvements de Terrain - eprcf 33 carri\u00e8res souterraines et falaises de Gironde<\/title>\n<meta name=\"robots\" content=\"index, follow, max-snippet:-1, max-image-preview:large, max-video-preview:-1\" \/>\n<link rel=\"canonical\" href=\"https:\/\/eprcf33.fr\/index.php\/pprmp-plans-de-prevention-des-risques-de-mouvements-de-terrain\/\" \/>\n<meta property=\"og:locale\" content=\"fr_FR\" \/>\n<meta property=\"og:type\" content=\"article\" \/>\n<meta property=\"og:title\" content=\"PPRMP : Plans de Pr\u00e9vention des Risques de Mouvements de Terrain - eprcf 33 carri\u00e8res souterraines et falaises de Gironde\" \/>\n<meta property=\"og:description\" content=\"[vc_row][vc_column][rev_slider_vc alias=\u00a0\u00bbplans-de-prevention-des-risques-de-mouvements-de-terrain\u00a0\u00bb][\/vc_column][\/vc_row][vc_row][vc_column][vc_column_text] Les PPRMP : Plans de Pr\u00e9vention des Risques de Mouvements de Terrain Les plans de pr\u00e9vention des risques ont pour but principal de mettre en place la pr\u00e9vention et la r\u00e9glementation de l\u2019urbanisme dans des zones expos\u00e9es \u00e0&hellip;\" \/>\n<meta property=\"og:url\" content=\"https:\/\/eprcf33.fr\/index.php\/pprmp-plans-de-prevention-des-risques-de-mouvements-de-terrain\/\" \/>\n<meta property=\"og:site_name\" content=\"eprcf 33 carri\u00e8res souterraines et falaises de Gironde\" \/>\n<meta property=\"article:modified_time\" content=\"2025-10-22T09:16:02+00:00\" \/>\n<meta name=\"twitter:card\" content=\"summary_large_image\" \/>\n<meta name=\"twitter:label1\" content=\"Dur\u00e9e de lecture estim\u00e9e\" \/>\n\t<meta name=\"twitter:data1\" content=\"1 minute\" \/>\n<script type=\"application\/ld+json\" class=\"yoast-schema-graph\">{\"@context\":\"https:\/\/schema.org\",\"@graph\":[{\"@type\":\"WebPage\",\"@id\":\"https:\/\/eprcf33.fr\/index.php\/pprmp-plans-de-prevention-des-risques-de-mouvements-de-terrain\/\",\"url\":\"https:\/\/eprcf33.fr\/index.php\/pprmp-plans-de-prevention-des-risques-de-mouvements-de-terrain\/\",\"name\":\"PPRMP : Plans de Pr\u00e9vention des Risques de Mouvements de Terrain - eprcf 33 carri\u00e8res souterraines et falaises de Gironde\",\"isPartOf\":{\"@id\":\"https:\/\/eprcf33.fr\/#website\"},\"datePublished\":\"2020-02-04T15:52:42+00:00\",\"dateModified\":\"2025-10-22T09:16:02+00:00\",\"breadcrumb\":{\"@id\":\"https:\/\/eprcf33.fr\/index.php\/pprmp-plans-de-prevention-des-risques-de-mouvements-de-terrain\/#breadcrumb\"},\"inLanguage\":\"fr-FR\",\"potentialAction\":[{\"@type\":\"ReadAction\",\"target\":[\"https:\/\/eprcf33.fr\/index.php\/pprmp-plans-de-prevention-des-risques-de-mouvements-de-terrain\/\"]}]},{\"@type\":\"BreadcrumbList\",\"@id\":\"https:\/\/eprcf33.fr\/index.php\/pprmp-plans-de-prevention-des-risques-de-mouvements-de-terrain\/#breadcrumb\",\"itemListElement\":[{\"@type\":\"ListItem\",\"position\":1,\"name\":\"Accueil\",\"item\":\"https:\/\/eprcf33.fr\/\"},{\"@type\":\"ListItem\",\"position\":2,\"name\":\"PPRMP : Plans de Pr\u00e9vention des Risques de Mouvements de Terrain\"}]},{\"@type\":\"WebSite\",\"@id\":\"https:\/\/eprcf33.fr\/#website\",\"url\":\"https:\/\/eprcf33.fr\/\",\"name\":\"eprcf 33 carri\u00e8res souterraines et falaises de Gironde\",\"description\":\"Un site utilisant WordPress\",\"publisher\":{\"@id\":\"https:\/\/eprcf33.fr\/#organization\"},\"potentialAction\":[{\"@type\":\"SearchAction\",\"target\":{\"@type\":\"EntryPoint\",\"urlTemplate\":\"https:\/\/eprcf33.fr\/?s={search_term_string}\"},\"query-input\":\"required name=search_term_string\"}],\"inLanguage\":\"fr-FR\"},{\"@type\":\"Organization\",\"@id\":\"https:\/\/eprcf33.fr\/#organization\",\"name\":\"eprcf 33 carri\u00e8res souterraines et falaises de Gironde\",\"url\":\"https:\/\/eprcf33.fr\/\",\"logo\":{\"@type\":\"ImageObject\",\"inLanguage\":\"fr-FR\",\"@id\":\"https:\/\/eprcf33.fr\/#\/schema\/logo\/image\/\",\"url\":\"https:\/\/eprcf33.fr\/wp-content\/uploads\/2025\/07\/EPRCF-33-carrieres-falaises-logo-header-.png\",\"contentUrl\":\"https:\/\/eprcf33.fr\/wp-content\/uploads\/2025\/07\/EPRCF-33-carrieres-falaises-logo-header-.png\",\"width\":425,\"height\":137,\"caption\":\"eprcf 33 carri\u00e8res souterraines et falaises de Gironde\"},\"image\":{\"@id\":\"https:\/\/eprcf33.fr\/#\/schema\/logo\/image\/\"}}]}<\/script>\n<!-- \/ Yoast SEO plugin. -->","yoast_head_json":{"title":"PPRMP : Plans de Pr\u00e9vention des Risques de Mouvements de Terrain - eprcf 33 carri\u00e8res souterraines et falaises de Gironde","robots":{"index":"index","follow":"follow","max-snippet":"max-snippet:-1","max-image-preview":"max-image-preview:large","max-video-preview":"max-video-preview:-1"},"canonical":"https:\/\/eprcf33.fr\/index.php\/pprmp-plans-de-prevention-des-risques-de-mouvements-de-terrain\/","og_locale":"fr_FR","og_type":"article","og_title":"PPRMP : Plans de Pr\u00e9vention des Risques de Mouvements de Terrain - eprcf 33 carri\u00e8res souterraines et falaises de Gironde","og_description":"[vc_row][vc_column][rev_slider_vc alias=\u00a0\u00bbplans-de-prevention-des-risques-de-mouvements-de-terrain\u00a0\u00bb][\/vc_column][\/vc_row][vc_row][vc_column][vc_column_text] Les PPRMP : Plans de Pr\u00e9vention des Risques de Mouvements de Terrain Les plans de pr\u00e9vention des risques ont pour but principal de mettre en place la pr\u00e9vention et la r\u00e9glementation de l\u2019urbanisme dans des zones expos\u00e9es \u00e0&hellip;","og_url":"https:\/\/eprcf33.fr\/index.php\/pprmp-plans-de-prevention-des-risques-de-mouvements-de-terrain\/","og_site_name":"eprcf 33 carri\u00e8res souterraines et falaises de Gironde","article_modified_time":"2025-10-22T09:16:02+00:00","twitter_card":"summary_large_image","twitter_misc":{"Dur\u00e9e de lecture estim\u00e9e":"1 minute"},"schema":{"@context":"https:\/\/schema.org","@graph":[{"@type":"WebPage","@id":"https:\/\/eprcf33.fr\/index.php\/pprmp-plans-de-prevention-des-risques-de-mouvements-de-terrain\/","url":"https:\/\/eprcf33.fr\/index.php\/pprmp-plans-de-prevention-des-risques-de-mouvements-de-terrain\/","name":"PPRMP : Plans de Pr\u00e9vention des Risques de Mouvements de Terrain - eprcf 33 carri\u00e8res souterraines et falaises de Gironde","isPartOf":{"@id":"https:\/\/eprcf33.fr\/#website"},"datePublished":"2020-02-04T15:52:42+00:00","dateModified":"2025-10-22T09:16:02+00:00","breadcrumb":{"@id":"https:\/\/eprcf33.fr\/index.php\/pprmp-plans-de-prevention-des-risques-de-mouvements-de-terrain\/#breadcrumb"},"inLanguage":"fr-FR","potentialAction":[{"@type":"ReadAction","target":["https:\/\/eprcf33.fr\/index.php\/pprmp-plans-de-prevention-des-risques-de-mouvements-de-terrain\/"]}]},{"@type":"BreadcrumbList","@id":"https:\/\/eprcf33.fr\/index.php\/pprmp-plans-de-prevention-des-risques-de-mouvements-de-terrain\/#breadcrumb","itemListElement":[{"@type":"ListItem","position":1,"name":"Accueil","item":"https:\/\/eprcf33.fr\/"},{"@type":"ListItem","position":2,"name":"PPRMP : Plans de Pr\u00e9vention des Risques de Mouvements de Terrain"}]},{"@type":"WebSite","@id":"https:\/\/eprcf33.fr\/#website","url":"https:\/\/eprcf33.fr\/","name":"eprcf 33 carri\u00e8res souterraines et falaises de Gironde","description":"Un site utilisant WordPress","publisher":{"@id":"https:\/\/eprcf33.fr\/#organization"},"potentialAction":[{"@type":"SearchAction","target":{"@type":"EntryPoint","urlTemplate":"https:\/\/eprcf33.fr\/?s={search_term_string}"},"query-input":"required name=search_term_string"}],"inLanguage":"fr-FR"},{"@type":"Organization","@id":"https:\/\/eprcf33.fr\/#organization","name":"eprcf 33 carri\u00e8res souterraines et falaises de Gironde","url":"https:\/\/eprcf33.fr\/","logo":{"@type":"ImageObject","inLanguage":"fr-FR","@id":"https:\/\/eprcf33.fr\/#\/schema\/logo\/image\/","url":"https:\/\/eprcf33.fr\/wp-content\/uploads\/2025\/07\/EPRCF-33-carrieres-falaises-logo-header-.png","contentUrl":"https:\/\/eprcf33.fr\/wp-content\/uploads\/2025\/07\/EPRCF-33-carrieres-falaises-logo-header-.png","width":425,"height":137,"caption":"eprcf 33 carri\u00e8res souterraines et falaises de Gironde"},"image":{"@id":"https:\/\/eprcf33.fr\/#\/schema\/logo\/image\/"}}]}},"_links":{"self":[{"href":"https:\/\/eprcf33.fr\/index.php\/wp-json\/wp\/v2\/pages\/227","targetHints":{"allow":["GET"]}}],"collection":[{"href":"https:\/\/eprcf33.fr\/index.php\/wp-json\/wp\/v2\/pages"}],"about":[{"href":"https:\/\/eprcf33.fr\/index.php\/wp-json\/wp\/v2\/types\/page"}],"author":[{"embeddable":true,"href":"https:\/\/eprcf33.fr\/index.php\/wp-json\/wp\/v2\/users\/1"}],"replies":[{"embeddable":true,"href":"https:\/\/eprcf33.fr\/index.php\/wp-json\/wp\/v2\/comments?post=227"}],"version-history":[{"count":9,"href":"https:\/\/eprcf33.fr\/index.php\/wp-json\/wp\/v2\/pages\/227\/revisions"}],"predecessor-version":[{"id":2318,"href":"https:\/\/eprcf33.fr\/index.php\/wp-json\/wp\/v2\/pages\/227\/revisions\/2318"}],"wp:attachment":[{"href":"https:\/\/eprcf33.fr\/index.php\/wp-json\/wp\/v2\/media?parent=227"}],"curies":[{"name":"wp","href":"https:\/\/api.w.org\/{rel}","templated":true}]}}