{"id":711,"date":"2020-02-21T18:18:29","date_gmt":"2020-02-21T17:18:29","guid":{"rendered":"http:\/\/eprcf33.fr\/?page_id=711"},"modified":"2025-09-27T16:47:52","modified_gmt":"2025-09-27T14:47:52","slug":"reglementation-du-sous-sol","status":"publish","type":"page","link":"https:\/\/eprcf33.fr\/index.php\/reglementation-du-sous-sol\/","title":{"rendered":"R\u00e9glementation du sous sol"},"content":{"rendered":"[vc_row full_width=\u00a0\u00bbstretch_row_content_no_spaces\u00a0\u00bb][vc_column][rev_slider_vc alias=\u00a0\u00bbla-reglementation-du-sous-sol-en-gironde\u00a0\u00bb][\/vc_column][\/vc_row][vc_row full_width=\u00a0\u00bbstretch_row\u00a0\u00bb wpex_fixed_bg=\u00a0\u00bbfixed\u00a0\u00bb css=\u00a0\u00bb.vc_custom_1758984436448{background-image: url(https:\/\/eprcf33.fr\/wp-content\/uploads\/2025\/07\/eprcf-33-carriere-falaise-fond-2.png?id=1505) !important;}\u00a0\u00bb][vc_column]<div class=\"vcex-module vcex-heading vcex-heading-plain\" style=\"font-family:&#039;Roboto&#039;,&#039;Helvetica Neue&#039;, Arial, sans-serif;\"><span class=\"vcex-heading-inner clr\">LA R\u00c9GLEMENTATION DU SOUS SOL EN GIRONDE<\/span><\/div>[vc_row_inner][vc_column_inner width=\u00a0\u00bb1\/2&Prime;][vc_column_text]\n<p style=\"text-align: justify;\"><span style=\"font-family: Roboto;\">Contrairement aux mines, les carri\u00e8res souterraines ne sont pas r\u00e9gies par le Code Minier mais par le Code Civil.<\/span><\/p>\n<p>D\u2019apr\u00e8s <strong><em>l\u2019article 552 du Code Civil<\/em><\/strong>, les propri\u00e9taires du sol le sont \u00e9galement du sous-sol, ils ont donc la responsabilit\u00e9 d\u2019assurer la s\u00e9curit\u00e9 de leur propri\u00e9t\u00e9. La propri\u00e9t\u00e9 souterraine est donc d\u00e9limit\u00e9e au m\u00eame titre que la propri\u00e9t\u00e9 en surface.<\/p>\n<p>De plus, les articles <strong>1383 \u00e0 <em>1386\u00a0 du Code Civil<\/em><\/strong> stipule que le propri\u00e9taire est responsable des dommages que son tr\u00e9fonds peut causer tant \u00e0 lui qu\u2019\u00e0 autrui. C\u2019est donc \u00e0 lui qu\u2019incombe la responsabilit\u00e9 de se pr\u00e9munir contre les risques li\u00e9s au sous-sol.[\/vc_column_text][\/vc_column_inner][vc_column_inner width=\u00a0\u00bb1\/2&Prime;][vc_column_text]<span style=\"font-family: Roboto;\">D\u2019apr\u00e8s l\u2019article <strong>L125-2 du Code de l\u2019Environnement,<\/strong> l\u2019Etat et le Maire des communes doivent informer les habitants de la nature des risques auxquels ils sont soumis, des mesures de pr\u00e9vention possibles ainsi que des dispositifs de prises en charge.<\/span><\/p>\n<p><span style=\"font-family: Roboto;\"><strong>Le Fonds de Pr\u00e9vention des Risques Naturels Majeurs<\/strong> (FPRNM), ou<strong> fonds Barnier,<\/strong> peut financer en totalit\u00e9 ou partiellement, en fonction de sa nature, toute action de pr\u00e9vention des risques de mouvements de terrain li\u00e9s aux carri\u00e8res souterraines et falaises.<\/span><\/p>\n<p><span style=\"font-family: Roboto;\">Vous avez la connaissance d\u2019une entr\u00e9e de carri\u00e8re ou zone de carri\u00e8re inconnue, merci d\u2019en informer le maire de votre commune qui se rapprochera de notre syndicat EPRCF33<\/span>[\/vc_column_text][\/vc_column_inner][\/vc_row_inner][\/vc_column][\/vc_row]\n","protected":false},"excerpt":{"rendered":"<p>[vc_row full_width=\u00a0\u00bbstretch_row_content_no_spaces\u00a0\u00bb][vc_column][rev_slider_vc alias=\u00a0\u00bbla-reglementation-du-sous-sol-en-gironde\u00a0\u00bb][\/vc_column][\/vc_row][vc_row full_width=\u00a0\u00bbstretch_row\u00a0\u00bb wpex_fixed_bg=\u00a0\u00bbfixed\u00a0\u00bb css=\u00a0\u00bb.vc_custom_1758984436448{background-image: url(https:\/\/eprcf33.fr\/wp-content\/uploads\/2025\/07\/eprcf-33-carriere-falaise-fond-2.png?id=1505) !important;}\u00a0\u00bb][vc_column][vc_row_inner][vc_column_inner width=\u00a0\u00bb1\/2&Prime;][vc_column_text] Contrairement aux mines, les carri\u00e8res souterraines ne sont pas r\u00e9gies par le Code Minier mais par le Code Civil. D\u2019apr\u00e8s l\u2019article 552 du Code Civil, les propri\u00e9taires du sol le sont&hellip;<\/p>\n","protected":false},"author":1,"featured_media":0,"parent":0,"menu_order":0,"comment_status":"closed","ping_status":"closed","template":"templates\/no-sidebar.php","meta":{"footnotes":""},"class_list":["post-711","page","type-page","status-publish","hentry","entry","no-media"],"yoast_head":"<!-- This site is optimized with the Yoast SEO plugin v23.3 - https:\/\/yoast.com\/wordpress\/plugins\/seo\/ -->\n<title>R\u00e9glementation du sous sol - eprcf 33 carri\u00e8res souterraines et falaises de Gironde<\/title>\n<meta name=\"robots\" content=\"index, follow, max-snippet:-1, max-image-preview:large, max-video-preview:-1\" \/>\n<link rel=\"canonical\" href=\"https:\/\/eprcf33.fr\/index.php\/reglementation-du-sous-sol\/\" \/>\n<meta property=\"og:locale\" content=\"fr_FR\" \/>\n<meta property=\"og:type\" content=\"article\" \/>\n<meta property=\"og:title\" content=\"R\u00e9glementation du sous sol - eprcf 33 carri\u00e8res souterraines et falaises de Gironde\" \/>\n<meta property=\"og:description\" content=\"[vc_row full_width=\u00a0\u00bbstretch_row_content_no_spaces\u00a0\u00bb][vc_column][rev_slider_vc alias=\u00a0\u00bbla-reglementation-du-sous-sol-en-gironde\u00a0\u00bb][\/vc_column][\/vc_row][vc_row full_width=\u00a0\u00bbstretch_row\u00a0\u00bb wpex_fixed_bg=\u00a0\u00bbfixed\u00a0\u00bb css=\u00a0\u00bb.vc_custom_1758984436448{background-image: url(https:\/\/eprcf33.fr\/wp-content\/uploads\/2025\/07\/eprcf-33-carriere-falaise-fond-2.png?id=1505) !important;}\u00a0\u00bb][vc_column][vc_row_inner][vc_column_inner width=\u00a0\u00bb1\/2&Prime;][vc_column_text] Contrairement aux mines, les carri\u00e8res souterraines ne sont pas r\u00e9gies par le Code Minier mais par le Code Civil. D\u2019apr\u00e8s l\u2019article 552 du Code Civil, les propri\u00e9taires du sol le sont&hellip;\" \/>\n<meta property=\"og:url\" content=\"https:\/\/eprcf33.fr\/index.php\/reglementation-du-sous-sol\/\" \/>\n<meta property=\"og:site_name\" content=\"eprcf 33 carri\u00e8res souterraines et falaises de Gironde\" \/>\n<meta property=\"article:modified_time\" content=\"2025-09-27T14:47:52+00:00\" \/>\n<meta name=\"twitter:card\" content=\"summary_large_image\" \/>\n<meta name=\"twitter:label1\" content=\"Dur\u00e9e de lecture estim\u00e9e\" \/>\n\t<meta name=\"twitter:data1\" content=\"2 minutes\" \/>\n<script type=\"application\/ld+json\" class=\"yoast-schema-graph\">{\"@context\":\"https:\/\/schema.org\",\"@graph\":[{\"@type\":\"WebPage\",\"@id\":\"https:\/\/eprcf33.fr\/index.php\/reglementation-du-sous-sol\/\",\"url\":\"https:\/\/eprcf33.fr\/index.php\/reglementation-du-sous-sol\/\",\"name\":\"R\u00e9glementation du sous sol - eprcf 33 carri\u00e8res souterraines et falaises de Gironde\",\"isPartOf\":{\"@id\":\"https:\/\/eprcf33.fr\/#website\"},\"datePublished\":\"2020-02-21T17:18:29+00:00\",\"dateModified\":\"2025-09-27T14:47:52+00:00\",\"breadcrumb\":{\"@id\":\"https:\/\/eprcf33.fr\/index.php\/reglementation-du-sous-sol\/#breadcrumb\"},\"inLanguage\":\"fr-FR\",\"potentialAction\":[{\"@type\":\"ReadAction\",\"target\":[\"https:\/\/eprcf33.fr\/index.php\/reglementation-du-sous-sol\/\"]}]},{\"@type\":\"BreadcrumbList\",\"@id\":\"https:\/\/eprcf33.fr\/index.php\/reglementation-du-sous-sol\/#breadcrumb\",\"itemListElement\":[{\"@type\":\"ListItem\",\"position\":1,\"name\":\"Accueil\",\"item\":\"https:\/\/eprcf33.fr\/\"},{\"@type\":\"ListItem\",\"position\":2,\"name\":\"R\u00e9glementation du sous sol\"}]},{\"@type\":\"WebSite\",\"@id\":\"https:\/\/eprcf33.fr\/#website\",\"url\":\"https:\/\/eprcf33.fr\/\",\"name\":\"eprcf 33 carri\u00e8res souterraines et falaises de Gironde\",\"description\":\"Un site utilisant WordPress\",\"publisher\":{\"@id\":\"https:\/\/eprcf33.fr\/#organization\"},\"potentialAction\":[{\"@type\":\"SearchAction\",\"target\":{\"@type\":\"EntryPoint\",\"urlTemplate\":\"https:\/\/eprcf33.fr\/?s={search_term_string}\"},\"query-input\":\"required name=search_term_string\"}],\"inLanguage\":\"fr-FR\"},{\"@type\":\"Organization\",\"@id\":\"https:\/\/eprcf33.fr\/#organization\",\"name\":\"eprcf 33 carri\u00e8res souterraines et falaises de Gironde\",\"url\":\"https:\/\/eprcf33.fr\/\",\"logo\":{\"@type\":\"ImageObject\",\"inLanguage\":\"fr-FR\",\"@id\":\"https:\/\/eprcf33.fr\/#\/schema\/logo\/image\/\",\"url\":\"https:\/\/eprcf33.fr\/wp-content\/uploads\/2025\/07\/EPRCF-33-carrieres-falaises-logo-header-.png\",\"contentUrl\":\"https:\/\/eprcf33.fr\/wp-content\/uploads\/2025\/07\/EPRCF-33-carrieres-falaises-logo-header-.png\",\"width\":425,\"height\":137,\"caption\":\"eprcf 33 carri\u00e8res souterraines et falaises de Gironde\"},\"image\":{\"@id\":\"https:\/\/eprcf33.fr\/#\/schema\/logo\/image\/\"}}]}<\/script>\n<!-- \/ Yoast SEO plugin. -->","yoast_head_json":{"title":"R\u00e9glementation du sous sol - eprcf 33 carri\u00e8res souterraines et falaises de Gironde","robots":{"index":"index","follow":"follow","max-snippet":"max-snippet:-1","max-image-preview":"max-image-preview:large","max-video-preview":"max-video-preview:-1"},"canonical":"https:\/\/eprcf33.fr\/index.php\/reglementation-du-sous-sol\/","og_locale":"fr_FR","og_type":"article","og_title":"R\u00e9glementation du sous sol - eprcf 33 carri\u00e8res souterraines et falaises de Gironde","og_description":"[vc_row full_width=\u00a0\u00bbstretch_row_content_no_spaces\u00a0\u00bb][vc_column][rev_slider_vc alias=\u00a0\u00bbla-reglementation-du-sous-sol-en-gironde\u00a0\u00bb][\/vc_column][\/vc_row][vc_row full_width=\u00a0\u00bbstretch_row\u00a0\u00bb wpex_fixed_bg=\u00a0\u00bbfixed\u00a0\u00bb css=\u00a0\u00bb.vc_custom_1758984436448{background-image: url(https:\/\/eprcf33.fr\/wp-content\/uploads\/2025\/07\/eprcf-33-carriere-falaise-fond-2.png?id=1505) !important;}\u00a0\u00bb][vc_column][vc_row_inner][vc_column_inner width=\u00a0\u00bb1\/2&Prime;][vc_column_text] Contrairement aux mines, les carri\u00e8res souterraines ne sont pas r\u00e9gies par le Code Minier mais par le Code Civil. D\u2019apr\u00e8s l\u2019article 552 du Code Civil, les propri\u00e9taires du sol le sont&hellip;","og_url":"https:\/\/eprcf33.fr\/index.php\/reglementation-du-sous-sol\/","og_site_name":"eprcf 33 carri\u00e8res souterraines et falaises de Gironde","article_modified_time":"2025-09-27T14:47:52+00:00","twitter_card":"summary_large_image","twitter_misc":{"Dur\u00e9e de lecture estim\u00e9e":"2 minutes"},"schema":{"@context":"https:\/\/schema.org","@graph":[{"@type":"WebPage","@id":"https:\/\/eprcf33.fr\/index.php\/reglementation-du-sous-sol\/","url":"https:\/\/eprcf33.fr\/index.php\/reglementation-du-sous-sol\/","name":"R\u00e9glementation du sous sol - eprcf 33 carri\u00e8res souterraines et falaises de Gironde","isPartOf":{"@id":"https:\/\/eprcf33.fr\/#website"},"datePublished":"2020-02-21T17:18:29+00:00","dateModified":"2025-09-27T14:47:52+00:00","breadcrumb":{"@id":"https:\/\/eprcf33.fr\/index.php\/reglementation-du-sous-sol\/#breadcrumb"},"inLanguage":"fr-FR","potentialAction":[{"@type":"ReadAction","target":["https:\/\/eprcf33.fr\/index.php\/reglementation-du-sous-sol\/"]}]},{"@type":"BreadcrumbList","@id":"https:\/\/eprcf33.fr\/index.php\/reglementation-du-sous-sol\/#breadcrumb","itemListElement":[{"@type":"ListItem","position":1,"name":"Accueil","item":"https:\/\/eprcf33.fr\/"},{"@type":"ListItem","position":2,"name":"R\u00e9glementation du sous sol"}]},{"@type":"WebSite","@id":"https:\/\/eprcf33.fr\/#website","url":"https:\/\/eprcf33.fr\/","name":"eprcf 33 carri\u00e8res souterraines et falaises de Gironde","description":"Un site utilisant WordPress","publisher":{"@id":"https:\/\/eprcf33.fr\/#organization"},"potentialAction":[{"@type":"SearchAction","target":{"@type":"EntryPoint","urlTemplate":"https:\/\/eprcf33.fr\/?s={search_term_string}"},"query-input":"required name=search_term_string"}],"inLanguage":"fr-FR"},{"@type":"Organization","@id":"https:\/\/eprcf33.fr\/#organization","name":"eprcf 33 carri\u00e8res souterraines et falaises de Gironde","url":"https:\/\/eprcf33.fr\/","logo":{"@type":"ImageObject","inLanguage":"fr-FR","@id":"https:\/\/eprcf33.fr\/#\/schema\/logo\/image\/","url":"https:\/\/eprcf33.fr\/wp-content\/uploads\/2025\/07\/EPRCF-33-carrieres-falaises-logo-header-.png","contentUrl":"https:\/\/eprcf33.fr\/wp-content\/uploads\/2025\/07\/EPRCF-33-carrieres-falaises-logo-header-.png","width":425,"height":137,"caption":"eprcf 33 carri\u00e8res souterraines et falaises de Gironde"},"image":{"@id":"https:\/\/eprcf33.fr\/#\/schema\/logo\/image\/"}}]}},"_links":{"self":[{"href":"https:\/\/eprcf33.fr\/index.php\/wp-json\/wp\/v2\/pages\/711","targetHints":{"allow":["GET"]}}],"collection":[{"href":"https:\/\/eprcf33.fr\/index.php\/wp-json\/wp\/v2\/pages"}],"about":[{"href":"https:\/\/eprcf33.fr\/index.php\/wp-json\/wp\/v2\/types\/page"}],"author":[{"embeddable":true,"href":"https:\/\/eprcf33.fr\/index.php\/wp-json\/wp\/v2\/users\/1"}],"replies":[{"embeddable":true,"href":"https:\/\/eprcf33.fr\/index.php\/wp-json\/wp\/v2\/comments?post=711"}],"version-history":[{"count":14,"href":"https:\/\/eprcf33.fr\/index.php\/wp-json\/wp\/v2\/pages\/711\/revisions"}],"predecessor-version":[{"id":2141,"href":"https:\/\/eprcf33.fr\/index.php\/wp-json\/wp\/v2\/pages\/711\/revisions\/2141"}],"wp:attachment":[{"href":"https:\/\/eprcf33.fr\/index.php\/wp-json\/wp\/v2\/media?parent=711"}],"curies":[{"name":"wp","href":"https:\/\/api.w.org\/{rel}","templated":true}]}}